{"id":502,"date":"2024-09-17T16:20:12","date_gmt":"2024-09-17T16:20:12","guid":{"rendered":"https:\/\/prorad.pt\/?page_id=502"},"modified":"2024-09-17T18:40:52","modified_gmt":"2024-09-17T18:40:52","slug":"formacao-e-testes-ao-plano-de-emergencia-interno","status":"publish","type":"page","link":"https:\/\/prorad.pt\/index.php\/formacao-e-testes-ao-plano-de-emergencia-interno\/","title":{"rendered":"Forma\u00e7\u00e3o e testes ao Plano de Emerg\u00eancia Interno"},"content":{"rendered":"\t\t<div data-elementor-type=\"wp-page\" data-elementor-id=\"502\" class=\"elementor elementor-502\">\n\t\t\t\t<div class=\"elementor-element elementor-element-804c66c e-grid e-con-full e-con e-parent\" data-id=\"804c66c\" data-element_type=\"container\">\n\t\t\t\t<div class=\"elementor-element elementor-element-7bdd165 elementor-widget elementor-widget-heading\" data-id=\"7bdd165\" data-element_type=\"widget\" data-widget_type=\"heading.default\">\n\t\t\t\t<div class=\"elementor-widget-container\">\n\t\t\t<h2 class=\"elementor-heading-title elementor-size-default\">Testes ao Plano de Emerg\u00eancia Interno e Forma\u00e7\u00e3o<\/h2>\t\t<\/div>\n\t\t\t\t<\/div>\n\t\t<div class=\"elementor-element elementor-element-b5ec63c e-flex e-con-boxed e-con e-child\" data-id=\"b5ec63c\" data-element_type=\"container\">\n\t\t\t\t\t<div class=\"e-con-inner\">\n\t\t\t\t\t<\/div>\n\t\t\t\t<\/div>\n\t\t\t\t<\/div>\n\t\t<div class=\"elementor-element elementor-element-45c476a e-flex e-con-boxed e-con e-parent\" data-id=\"45c476a\" data-element_type=\"container\">\n\t\t\t\t\t<div class=\"e-con-inner\">\n\t\t\t\t<div class=\"elementor-element elementor-element-f666b6a elementor-widget elementor-widget-heading\" data-id=\"f666b6a\" data-element_type=\"widget\" data-widget_type=\"heading.default\">\n\t\t\t\t<div class=\"elementor-widget-container\">\n\t\t\t<h2 class=\"elementor-heading-title elementor-size-default\"><li><p><strong>Obrigatoriedade Legal<\/strong><br>De acordo com o <strong>Decreto-Lei 108\/2018<\/strong>, \u00e9 obrigat\u00f3ria a revis\u00e3o anual de aspetos relacionados com emerg\u00eancias radiol\u00f3gicas, incluindo a atualiza\u00e7\u00e3o e teste do <strong>Plano de Emerg\u00eancia Interno (PEI)<\/strong>.<\/p><\/li><li><p><strong>Objetivo do PEI<\/strong><br>O PEI tem como finalidade preparar os trabalhadores e as equipas de emerg\u00eancia para responder adequadamente em situa\u00e7\u00f5es de exposi\u00e7\u00e3o a radia\u00e7\u00f5es.<\/p><\/li><li><p><strong>Forma\u00e7\u00e3o em Radia\u00e7\u00f5es<\/strong><br>Em conformidade com o <strong>Anexo VI<\/strong>, \u00e9 necess\u00e1rio ministrar forma\u00e7\u00e3o regular sobre radia\u00e7\u00f5es e prote\u00e7\u00e3o radiol\u00f3gica aos trabalhadores com <strong>dos\u00edmetro<\/strong>, sendo aberta a todos os interessados. Esta forma\u00e7\u00e3o \u00e9 essencial para aumentar a consciencializa\u00e7\u00e3o sobre os riscos das radia\u00e7\u00f5es e as medidas de prote\u00e7\u00e3o.<\/p><\/li><li><p><strong>Testes ao PEI<\/strong><br>Os <strong>testes anuais ao PEI<\/strong> s\u00e3o uma obriga\u00e7\u00e3o legal e desempenham um papel determinante na avalia\u00e7\u00e3o da efic\u00e1cia dos procedimentos. Estes testes simulam <strong>cen\u00e1rios reais<\/strong>, permitindo n\u00e3o s\u00f3 garantir a seguran\u00e7a, mas tamb\u00e9m identificar \u00e1reas que necessitam de melhoria.<\/p><\/li><li><p><strong>Melhoria da Forma\u00e7\u00e3o<\/strong><br>Os resultados dos testes ao PEI s\u00e3o fundamentais para ajustar e melhorar a <strong>forma\u00e7\u00e3o cont\u00ednua<\/strong> dos trabalhadores. Atrav\u00e9s da simula\u00e7\u00e3o de emerg\u00eancias, \u00e9 poss\u00edvel refor\u00e7ar o conhecimento das equipas e adaptar os protocolos de seguran\u00e7a para uma resposta mais eficiente.<\/p><\/li><br><br><\/h2>\t\t<\/div>\n\t\t\t\t<\/div>\n\t\t\t\t\t<\/div>\n\t\t\t\t<\/div>\n\t\t\t\t<\/div>\n\t\t","protected":false},"excerpt":{"rendered":"<p>Testes ao Plano de Emerg\u00eancia Interno e Forma\u00e7\u00e3o Obrigatoriedade LegalDe acordo com o Decreto-Lei 108\/2018, \u00e9 obrigat\u00f3ria a revis\u00e3o anual de aspetos relacionados com emerg\u00eancias radiol\u00f3gicas, incluindo a atualiza\u00e7\u00e3o e teste do Plano de Emerg\u00eancia Interno (PEI). Objetivo do PEIO PEI tem como finalidade preparar os trabalhadores e as equipas de emerg\u00eancia para responder adequadamente [&hellip;]<\/p>\n","protected":false},"author":1,"featured_media":0,"parent":0,"menu_order":0,"comment_status":"closed","ping_status":"closed","template":"","meta":{"ocean_post_layout":"","ocean_both_sidebars_style":"","ocean_both_sidebars_content_width":0,"ocean_both_sidebars_sidebars_width":0,"ocean_sidebar":"","ocean_second_sidebar":"","ocean_disable_margins":"enable","ocean_add_body_class":"","ocean_shortcode_before_top_bar":"","ocean_shortcode_after_top_bar":"","ocean_shortcode_before_header":"","ocean_shortcode_after_header":"","ocean_has_shortcode":"","ocean_shortcode_after_title":"","ocean_shortcode_before_footer_widgets":"","ocean_shortcode_after_footer_widgets":"","ocean_shortcode_before_footer_bottom":"","ocean_shortcode_after_footer_bottom":"","ocean_display_top_bar":"default","ocean_display_header":"default","ocean_header_style":"","ocean_center_header_left_menu":"","ocean_custom_header_template":"","ocean_custom_logo":0,"ocean_custom_retina_logo":0,"ocean_custom_logo_max_width":0,"ocean_custom_logo_tablet_max_width":0,"ocean_custom_logo_mobile_max_width":0,"ocean_custom_logo_max_height":0,"ocean_custom_logo_tablet_max_height":0,"ocean_custom_logo_mobile_max_height":0,"ocean_header_custom_menu":"","ocean_menu_typo_font_family":"","ocean_menu_typo_font_subset":"","ocean_menu_typo_font_size":0,"ocean_menu_typo_font_size_tablet":0,"ocean_menu_typo_font_size_mobile":0,"ocean_menu_typo_font_size_unit":"px","ocean_menu_typo_font_weight":"","ocean_menu_typo_font_weight_tablet":"","ocean_menu_typo_font_weight_mobile":"","ocean_menu_typo_transform":"","ocean_menu_typo_transform_tablet":"","ocean_menu_typo_transform_mobile":"","ocean_menu_typo_line_height":0,"ocean_menu_typo_line_height_tablet":0,"ocean_menu_typo_line_height_mobile":0,"ocean_menu_typo_line_height_unit":"","ocean_menu_typo_spacing":0,"ocean_menu_typo_spacing_tablet":0,"ocean_menu_typo_spacing_mobile":0,"ocean_menu_typo_spacing_unit":"","ocean_menu_link_color":"","ocean_menu_link_color_hover":"","ocean_menu_link_color_active":"","ocean_menu_link_background":"","ocean_menu_link_hover_background":"","ocean_menu_link_active_background":"","ocean_menu_social_links_bg":"","ocean_menu_social_hover_links_bg":"","ocean_menu_social_links_color":"","ocean_menu_social_hover_links_color":"","ocean_disable_title":"default","ocean_disable_heading":"default","ocean_post_title":"","ocean_post_subheading":"","ocean_post_title_style":"","ocean_post_title_background_color":"","ocean_post_title_background":0,"ocean_post_title_bg_image_position":"","ocean_post_title_bg_image_attachment":"","ocean_post_title_bg_image_repeat":"","ocean_post_title_bg_image_size":"","ocean_post_title_height":0,"ocean_post_title_bg_overlay":0.5,"ocean_post_title_bg_overlay_color":"","ocean_disable_breadcrumbs":"default","ocean_breadcrumbs_color":"","ocean_breadcrumbs_separator_color":"","ocean_breadcrumbs_links_color":"","ocean_breadcrumbs_links_hover_color":"","ocean_display_footer_widgets":"default","ocean_display_footer_bottom":"default","ocean_custom_footer_template":"","osh_disable_topbar_sticky":"default","osh_disable_header_sticky":"default","osh_sticky_header_style":"default","osh_sticky_header_effect":"","osh_custom_sticky_logo":0,"osh_custom_retina_sticky_logo":0,"osh_custom_sticky_logo_height":0,"osh_background_color":"","osh_links_color":"","osh_links_hover_color":"","osh_links_active_color":"","osh_links_bg_color":"","osh_links_hover_bg_color":"","osh_links_active_bg_color":"","osh_menu_social_links_color":"","osh_menu_social_hover_links_color":"","footnotes":""},"class_list":["post-502","page","type-page","status-publish","hentry","entry"],"yoast_head":"<!-- This site is optimized with the Yoast SEO plugin v23.4 - https:\/\/yoast.com\/wordpress\/plugins\/seo\/ -->\n<title>Forma\u00e7\u00e3o e testes ao Plano de Emerg\u00eancia Interno - Prorad - Consultoria em F\u00edsica M\u00e9dica e Protec\u00e7\u00e3o Radiol\u00f3gica<\/title>\n<meta name=\"robots\" content=\"index, follow, max-snippet:-1, max-image-preview:large, max-video-preview:-1\" \/>\n<link rel=\"canonical\" href=\"https:\/\/prorad.pt\/index.php\/formacao-e-testes-ao-plano-de-emergencia-interno\/\" \/>\n<meta property=\"og:locale\" content=\"en_US\" \/>\n<meta property=\"og:type\" content=\"article\" \/>\n<meta property=\"og:title\" content=\"Forma\u00e7\u00e3o e testes ao Plano de Emerg\u00eancia Interno - Prorad - Consultoria em F\u00edsica M\u00e9dica e Protec\u00e7\u00e3o Radiol\u00f3gica\" \/>\n<meta property=\"og:description\" content=\"Testes ao Plano de Emerg\u00eancia Interno e Forma\u00e7\u00e3o Obrigatoriedade LegalDe acordo com o Decreto-Lei 108\/2018, \u00e9 obrigat\u00f3ria a revis\u00e3o anual de aspetos relacionados com emerg\u00eancias radiol\u00f3gicas, incluindo a atualiza\u00e7\u00e3o e teste do Plano de Emerg\u00eancia Interno (PEI). Objetivo do PEIO PEI tem como finalidade preparar os trabalhadores e as equipas de emerg\u00eancia para responder adequadamente [&hellip;]\" \/>\n<meta property=\"og:url\" content=\"https:\/\/prorad.pt\/index.php\/formacao-e-testes-ao-plano-de-emergencia-interno\/\" \/>\n<meta property=\"og:site_name\" content=\"Prorad - Consultoria em F\u00edsica M\u00e9dica e Protec\u00e7\u00e3o Radiol\u00f3gica\" \/>\n<meta property=\"article:modified_time\" content=\"2024-09-17T18:40:52+00:00\" \/>\n<meta name=\"twitter:card\" content=\"summary_large_image\" \/>\n<meta name=\"twitter:label1\" content=\"Est. reading time\" \/>\n\t<meta name=\"twitter:data1\" content=\"1 minute\" \/>\n<script type=\"application\/ld+json\" class=\"yoast-schema-graph\">{\"@context\":\"https:\/\/schema.org\",\"@graph\":[{\"@type\":\"WebPage\",\"@id\":\"https:\/\/prorad.pt\/index.php\/formacao-e-testes-ao-plano-de-emergencia-interno\/\",\"url\":\"https:\/\/prorad.pt\/index.php\/formacao-e-testes-ao-plano-de-emergencia-interno\/\",\"name\":\"Forma\u00e7\u00e3o e testes ao Plano de Emerg\u00eancia Interno - Prorad - Consultoria em F\u00edsica M\u00e9dica e Protec\u00e7\u00e3o Radiol\u00f3gica\",\"isPartOf\":{\"@id\":\"https:\/\/prorad.pt\/#website\"},\"datePublished\":\"2024-09-17T16:20:12+00:00\",\"dateModified\":\"2024-09-17T18:40:52+00:00\",\"breadcrumb\":{\"@id\":\"https:\/\/prorad.pt\/index.php\/formacao-e-testes-ao-plano-de-emergencia-interno\/#breadcrumb\"},\"inLanguage\":\"en-US\",\"potentialAction\":[{\"@type\":\"ReadAction\",\"target\":[\"https:\/\/prorad.pt\/index.php\/formacao-e-testes-ao-plano-de-emergencia-interno\/\"]}]},{\"@type\":\"BreadcrumbList\",\"@id\":\"https:\/\/prorad.pt\/index.php\/formacao-e-testes-ao-plano-de-emergencia-interno\/#breadcrumb\",\"itemListElement\":[{\"@type\":\"ListItem\",\"position\":1,\"name\":\"Home\",\"item\":\"https:\/\/prorad.pt\/\"},{\"@type\":\"ListItem\",\"position\":2,\"name\":\"Forma\u00e7\u00e3o e testes ao Plano de Emerg\u00eancia Interno\"}]},{\"@type\":\"WebSite\",\"@id\":\"https:\/\/prorad.pt\/#website\",\"url\":\"https:\/\/prorad.pt\/\",\"name\":\"Prorad - Consultoria em F\u00edsica M\u00e9dica e Protec\u00e7\u00e3o Radiol\u00f3gica\",\"description\":\"Actividade de consultoria na \u00e1rea da F\u00edsica M\u00e9dica, nomeadamente na utiliza\u00e7\u00e3o das radia\u00e7\u00f5es ionizantes nas \u00e1reas do radiodiagn\u00f3stico, medicina nuclear, radioterapia externa e braquiterapia, mas tamb\u00e9m na bioeletricidade, a bio-\u00f3ptica, a termografia, a hipertermia, a terapia e o diagn\u00f3stico com radia\u00e7\u00f5es n\u00e3o ionizantes.\",\"publisher\":{\"@id\":\"https:\/\/prorad.pt\/#organization\"},\"potentialAction\":[{\"@type\":\"SearchAction\",\"target\":{\"@type\":\"EntryPoint\",\"urlTemplate\":\"https:\/\/prorad.pt\/?s={search_term_string}\"},\"query-input\":{\"@type\":\"PropertyValueSpecification\",\"valueRequired\":true,\"valueName\":\"search_term_string\"}}],\"inLanguage\":\"en-US\"},{\"@type\":\"Organization\",\"@id\":\"https:\/\/prorad.pt\/#organization\",\"name\":\"Prorad - Consultoria em F\u00edsica M\u00e9dica e Protec\u00e7\u00e3o Radiol\u00f3gica\",\"url\":\"https:\/\/prorad.pt\/\",\"logo\":{\"@type\":\"ImageObject\",\"inLanguage\":\"en-US\",\"@id\":\"https:\/\/prorad.pt\/#\/schema\/logo\/image\/\",\"url\":\"https:\/\/prorad.pt\/wp-content\/uploads\/2024\/08\/prorad-1.jpg\",\"contentUrl\":\"https:\/\/prorad.pt\/wp-content\/uploads\/2024\/08\/prorad-1.jpg\",\"width\":753,\"height\":474,\"caption\":\"Prorad - Consultoria em F\u00edsica M\u00e9dica e Protec\u00e7\u00e3o Radiol\u00f3gica\"},\"image\":{\"@id\":\"https:\/\/prorad.pt\/#\/schema\/logo\/image\/\"}}]}<\/script>\n<!-- \/ Yoast SEO plugin. -->","yoast_head_json":{"title":"Forma\u00e7\u00e3o e testes ao Plano de Emerg\u00eancia Interno - Prorad - Consultoria em F\u00edsica M\u00e9dica e Protec\u00e7\u00e3o Radiol\u00f3gica","robots":{"index":"index","follow":"follow","max-snippet":"max-snippet:-1","max-image-preview":"max-image-preview:large","max-video-preview":"max-video-preview:-1"},"canonical":"https:\/\/prorad.pt\/index.php\/formacao-e-testes-ao-plano-de-emergencia-interno\/","og_locale":"en_US","og_type":"article","og_title":"Forma\u00e7\u00e3o e testes ao Plano de Emerg\u00eancia Interno - Prorad - Consultoria em F\u00edsica M\u00e9dica e Protec\u00e7\u00e3o Radiol\u00f3gica","og_description":"Testes ao Plano de Emerg\u00eancia Interno e Forma\u00e7\u00e3o Obrigatoriedade LegalDe acordo com o Decreto-Lei 108\/2018, \u00e9 obrigat\u00f3ria a revis\u00e3o anual de aspetos relacionados com emerg\u00eancias radiol\u00f3gicas, incluindo a atualiza\u00e7\u00e3o e teste do Plano de Emerg\u00eancia Interno (PEI). Objetivo do PEIO PEI tem como finalidade preparar os trabalhadores e as equipas de emerg\u00eancia para responder adequadamente [&hellip;]","og_url":"https:\/\/prorad.pt\/index.php\/formacao-e-testes-ao-plano-de-emergencia-interno\/","og_site_name":"Prorad - Consultoria em F\u00edsica M\u00e9dica e Protec\u00e7\u00e3o Radiol\u00f3gica","article_modified_time":"2024-09-17T18:40:52+00:00","twitter_card":"summary_large_image","twitter_misc":{"Est. reading time":"1 minute"},"schema":{"@context":"https:\/\/schema.org","@graph":[{"@type":"WebPage","@id":"https:\/\/prorad.pt\/index.php\/formacao-e-testes-ao-plano-de-emergencia-interno\/","url":"https:\/\/prorad.pt\/index.php\/formacao-e-testes-ao-plano-de-emergencia-interno\/","name":"Forma\u00e7\u00e3o e testes ao Plano de Emerg\u00eancia Interno - Prorad - Consultoria em F\u00edsica M\u00e9dica e Protec\u00e7\u00e3o Radiol\u00f3gica","isPartOf":{"@id":"https:\/\/prorad.pt\/#website"},"datePublished":"2024-09-17T16:20:12+00:00","dateModified":"2024-09-17T18:40:52+00:00","breadcrumb":{"@id":"https:\/\/prorad.pt\/index.php\/formacao-e-testes-ao-plano-de-emergencia-interno\/#breadcrumb"},"inLanguage":"en-US","potentialAction":[{"@type":"ReadAction","target":["https:\/\/prorad.pt\/index.php\/formacao-e-testes-ao-plano-de-emergencia-interno\/"]}]},{"@type":"BreadcrumbList","@id":"https:\/\/prorad.pt\/index.php\/formacao-e-testes-ao-plano-de-emergencia-interno\/#breadcrumb","itemListElement":[{"@type":"ListItem","position":1,"name":"Home","item":"https:\/\/prorad.pt\/"},{"@type":"ListItem","position":2,"name":"Forma\u00e7\u00e3o e testes ao Plano de Emerg\u00eancia Interno"}]},{"@type":"WebSite","@id":"https:\/\/prorad.pt\/#website","url":"https:\/\/prorad.pt\/","name":"Prorad - Consultoria em F\u00edsica M\u00e9dica e Protec\u00e7\u00e3o Radiol\u00f3gica","description":"Actividade de consultoria na \u00e1rea da F\u00edsica M\u00e9dica, nomeadamente na utiliza\u00e7\u00e3o das radia\u00e7\u00f5es ionizantes nas \u00e1reas do radiodiagn\u00f3stico, medicina nuclear, radioterapia externa e braquiterapia, mas tamb\u00e9m na bioeletricidade, a bio-\u00f3ptica, a termografia, a hipertermia, a terapia e o diagn\u00f3stico com radia\u00e7\u00f5es n\u00e3o ionizantes.","publisher":{"@id":"https:\/\/prorad.pt\/#organization"},"potentialAction":[{"@type":"SearchAction","target":{"@type":"EntryPoint","urlTemplate":"https:\/\/prorad.pt\/?s={search_term_string}"},"query-input":{"@type":"PropertyValueSpecification","valueRequired":true,"valueName":"search_term_string"}}],"inLanguage":"en-US"},{"@type":"Organization","@id":"https:\/\/prorad.pt\/#organization","name":"Prorad - Consultoria em F\u00edsica M\u00e9dica e Protec\u00e7\u00e3o Radiol\u00f3gica","url":"https:\/\/prorad.pt\/","logo":{"@type":"ImageObject","inLanguage":"en-US","@id":"https:\/\/prorad.pt\/#\/schema\/logo\/image\/","url":"https:\/\/prorad.pt\/wp-content\/uploads\/2024\/08\/prorad-1.jpg","contentUrl":"https:\/\/prorad.pt\/wp-content\/uploads\/2024\/08\/prorad-1.jpg","width":753,"height":474,"caption":"Prorad - Consultoria em F\u00edsica M\u00e9dica e Protec\u00e7\u00e3o Radiol\u00f3gica"},"image":{"@id":"https:\/\/prorad.pt\/#\/schema\/logo\/image\/"}}]}},"_links":{"self":[{"href":"https:\/\/prorad.pt\/index.php\/wp-json\/wp\/v2\/pages\/502","targetHints":{"allow":["GET"]}}],"collection":[{"href":"https:\/\/prorad.pt\/index.php\/wp-json\/wp\/v2\/pages"}],"about":[{"href":"https:\/\/prorad.pt\/index.php\/wp-json\/wp\/v2\/types\/page"}],"author":[{"embeddable":true,"href":"https:\/\/prorad.pt\/index.php\/wp-json\/wp\/v2\/users\/1"}],"replies":[{"embeddable":true,"href":"https:\/\/prorad.pt\/index.php\/wp-json\/wp\/v2\/comments?post=502"}],"version-history":[{"count":7,"href":"https:\/\/prorad.pt\/index.php\/wp-json\/wp\/v2\/pages\/502\/revisions"}],"predecessor-version":[{"id":513,"href":"https:\/\/prorad.pt\/index.php\/wp-json\/wp\/v2\/pages\/502\/revisions\/513"}],"wp:attachment":[{"href":"https:\/\/prorad.pt\/index.php\/wp-json\/wp\/v2\/media?parent=502"}],"curies":[{"name":"wp","href":"https:\/\/api.w.org\/{rel}","templated":true}]}}