{"id":294,"date":"2024-09-08T14:15:53","date_gmt":"2024-09-08T14:15:53","guid":{"rendered":"https:\/\/prorad.pt\/?page_id=294"},"modified":"2024-09-17T18:59:05","modified_gmt":"2024-09-17T18:59:05","slug":"licenciamentos-e-registos","status":"publish","type":"page","link":"https:\/\/prorad.pt\/index.php\/licenciamentos-e-registos\/","title":{"rendered":"A equipa"},"content":{"rendered":"\t\t<div data-elementor-type=\"wp-page\" data-elementor-id=\"294\" class=\"elementor elementor-294\">\n\t\t\t\t\t\t<section class=\"elementor-section elementor-top-section elementor-element elementor-element-1f98cab elementor-section-boxed elementor-section-height-default elementor-section-height-default\" data-id=\"1f98cab\" data-element_type=\"section\" data-settings=\"{&quot;background_background&quot;:&quot;classic&quot;}\">\n\t\t\t\t\t\t<div class=\"elementor-container elementor-column-gap-default\">\n\t\t\t\t\t<div class=\"elementor-column elementor-col-100 elementor-top-column elementor-element elementor-element-690ab7e4\" data-id=\"690ab7e4\" data-element_type=\"column\">\n\t\t\t<div class=\"elementor-widget-wrap elementor-element-populated\">\n\t\t\t\t\t\t<div class=\"elementor-element elementor-element-534caac7 elementor-widget elementor-widget-heading\" data-id=\"534caac7\" data-element_type=\"widget\" data-widget_type=\"heading.default\">\n\t\t\t\t<div class=\"elementor-widget-container\">\n\t\t\t<p class=\"elementor-heading-title elementor-size-default\">O Especialista em F\u00edsica M\u00e9dica (EFM)\u00e9 o respons\u00e1vel pela optimiza\u00e7\u00e3o das doses de radia\u00e7\u00e3o, testes de aceita\u00e7\u00e3o e garantia da qualidade segundo a legisla\u00e7\u00e3o em vigor<\/p>\t\t<\/div>\n\t\t\t\t<\/div>\n\t\t\t\t<div class=\"elementor-element elementor-element-46ff82d0 elementor-widget elementor-widget-heading\" data-id=\"46ff82d0\" data-element_type=\"widget\" data-widget_type=\"heading.default\">\n\t\t\t\t<div class=\"elementor-widget-container\">\n\t\t\t<h2 class=\"elementor-heading-title elementor-size-default\">O nosso EFM<\/h2>\t\t<\/div>\n\t\t\t\t<\/div>\n\t\t\t\t<section class=\"elementor-section elementor-inner-section elementor-element elementor-element-57a95bfd elementor-section-boxed elementor-section-height-default elementor-section-height-default\" data-id=\"57a95bfd\" data-element_type=\"section\">\n\t\t\t\t\t\t<div class=\"elementor-container elementor-column-gap-default\">\n\t\t\t\t\t<div class=\"elementor-column elementor-col-100 elementor-inner-column elementor-element elementor-element-38bd9a08\" data-id=\"38bd9a08\" data-element_type=\"column\">\n\t\t\t<div class=\"elementor-widget-wrap elementor-element-populated\">\n\t\t\t\t\t\t<div class=\"elementor-element elementor-element-370e4a60 elementor-widget elementor-widget-image\" data-id=\"370e4a60\" data-element_type=\"widget\" data-widget_type=\"image.default\">\n\t\t\t\t<div class=\"elementor-widget-container\">\n\t\t\t\t\t\t\t\t\t\t\t\t\t<img fetchpriority=\"high\" decoding=\"async\" width=\"768\" height=\"971\" src=\"https:\/\/prorad.pt\/wp-content\/uploads\/2024\/09\/Imagem-WhatsApp-2024-09-08-as-17.01.38_3c07f811-v2-768x971.jpg\" class=\"attachment-medium_large size-medium_large wp-image-427\" alt=\"\" srcset=\"https:\/\/prorad.pt\/wp-content\/uploads\/2024\/09\/Imagem-WhatsApp-2024-09-08-as-17.01.38_3c07f811-v2-768x971.jpg 768w, https:\/\/prorad.pt\/wp-content\/uploads\/2024\/09\/Imagem-WhatsApp-2024-09-08-as-17.01.38_3c07f811-v2-237x300.jpg 237w, https:\/\/prorad.pt\/wp-content\/uploads\/2024\/09\/Imagem-WhatsApp-2024-09-08-as-17.01.38_3c07f811-v2-810x1024.jpg 810w, https:\/\/prorad.pt\/wp-content\/uploads\/2024\/09\/Imagem-WhatsApp-2024-09-08-as-17.01.38_3c07f811-v2-1215x1536.jpg 1215w, https:\/\/prorad.pt\/wp-content\/uploads\/2024\/09\/Imagem-WhatsApp-2024-09-08-as-17.01.38_3c07f811-v2.jpg 1272w\" sizes=\"(max-width: 768px) 100vw, 768px\" \/>\t\t\t\t\t\t\t\t\t\t\t\t\t<\/div>\n\t\t\t\t<\/div>\n\t\t\t\t<div class=\"elementor-element elementor-element-716fa8ef elementor-widget elementor-widget-heading\" data-id=\"716fa8ef\" data-element_type=\"widget\" data-widget_type=\"heading.default\">\n\t\t\t\t<div class=\"elementor-widget-container\">\n\t\t\t<h3 class=\"elementor-heading-title elementor-size-default\">Hugo Trindade\n<\/h3>\t\t<\/div>\n\t\t\t\t<\/div>\n\t\t\t\t<div class=\"elementor-element elementor-element-3327328 elementor-widget elementor-widget-heading\" data-id=\"3327328\" data-element_type=\"widget\" data-widget_type=\"heading.default\">\n\t\t\t\t<div class=\"elementor-widget-container\">\n\t\t\t<p class=\"elementor-heading-title elementor-size-default\">Especialista em F\u00edsica M\u00e9dica <br>\nPerito Qualificado \u00c1rea m\u00e9dica e n\u00e3o m\u00e9dica<br><br>\n<\/p>\t\t<\/div>\n\t\t\t\t<\/div>\n\t\t\t\t\t<\/div>\n\t\t<\/div>\n\t\t\t\t\t<\/div>\n\t\t<\/section>\n\t\t\t\t\t<\/div>\n\t\t<\/div>\n\t\t\t\t\t<\/div>\n\t\t<\/section>\n\t\t<div class=\"elementor-element elementor-element-1731295 e-flex e-con-boxed e-con e-parent\" data-id=\"1731295\" data-element_type=\"container\">\n\t\t\t\t\t<div class=\"e-con-inner\">\n\t\t\t\t\t<\/div>\n\t\t\t\t<\/div>\n\t\t<div class=\"elementor-element elementor-element-624b8cf e-flex e-con-boxed e-con e-parent\" data-id=\"624b8cf\" data-element_type=\"container\">\n\t\t\t\t\t<div class=\"e-con-inner\">\n\t\t\t\t<div class=\"elementor-element elementor-element-a6774b1 elementor-widget elementor-widget-text-editor\" data-id=\"a6774b1\" data-element_type=\"widget\" data-widget_type=\"text-editor.default\">\n\t\t\t\t<div class=\"elementor-widget-container\">\n\t\t\t\t\t\t\t<p>Formado em F\u00edsica pela Universidade de Lisboa, tem uma p\u00f3s-gradua\u00e7\u00e3o em F\u00edsica M\u00e9dica e das Radia\u00e7\u00f5es e um mestrado em Engenharia F\u00edsica. Desde 2008, tem ocupado diversas fun\u00e7\u00f5es t\u00e9cnicas e de dire\u00e7\u00e3o, incluindo Diretor T\u00e9cnico no Instituto de Qualidade e Prote\u00e7\u00e3o Radiol\u00f3gica (IQI) e Gestor T\u00e9cnico de Prote\u00e7\u00e3o Radiol\u00f3gica na Medical Consult.<\/p>\n<p>Entre 2018 e 2023, foi Diretor T\u00e9cnico do IQI, onde supervisionou atividades de prote\u00e7\u00e3o radiol\u00f3gica e treinamentos externos. Anteriormente, tamb\u00e9m foi respons\u00e1vel t\u00e9cnico pela acredita\u00e7\u00e3o do IQI segundo a norma ISO 17020. Tem experi\u00eancia em controle de qualidade de equipamentos de imagem m\u00e9dica e otimiza\u00e7\u00e3o de protocolos m\u00e9dicos.<\/p>\n<p>Participou em diversas confer\u00eancias e forma\u00e7\u00f5es. Al\u00e9m disso, contribuiu com artigos cient\u00edficos relevantes, incluindo temas sobre mamografia digital e exposi\u00e7\u00f5es de radiologia em Portugal. Foi coorientador de disserta\u00e7\u00f5es e orientador de est\u00e1gios no Instituto de Emprego e Forma\u00e7\u00e3o Profissional (IEFP).<\/p>\t\t\t\t\t\t<\/div>\n\t\t\t\t<\/div>\n\t\t\t\t\t<\/div>\n\t\t\t\t<\/div>\n\t\t\t\t<\/div>\n\t\t","protected":false},"excerpt":{"rendered":"<p>O Especialista em F\u00edsica M\u00e9dica (EFM)\u00e9 o respons\u00e1vel pela optimiza\u00e7\u00e3o das doses de radia\u00e7\u00e3o, testes de aceita\u00e7\u00e3o e garantia da qualidade segundo a legisla\u00e7\u00e3o em vigor O nosso EFM Hugo Trindade Especialista em F\u00edsica M\u00e9dica Perito Qualificado \u00c1rea m\u00e9dica e n\u00e3o m\u00e9dica Formado em F\u00edsica pela Universidade de Lisboa, tem uma p\u00f3s-gradua\u00e7\u00e3o em F\u00edsica M\u00e9dica [&hellip;]<\/p>\n","protected":false},"author":1,"featured_media":0,"parent":0,"menu_order":0,"comment_status":"closed","ping_status":"closed","template":"","meta":{"ocean_post_layout":"","ocean_both_sidebars_style":"","ocean_both_sidebars_content_width":0,"ocean_both_sidebars_sidebars_width":0,"ocean_sidebar":"0","ocean_second_sidebar":"0","ocean_disable_margins":"enable","ocean_add_body_class":"","ocean_shortcode_before_top_bar":"","ocean_shortcode_after_top_bar":"","ocean_shortcode_before_header":"","ocean_shortcode_after_header":"","ocean_has_shortcode":"","ocean_shortcode_after_title":"","ocean_shortcode_before_footer_widgets":"","ocean_shortcode_after_footer_widgets":"","ocean_shortcode_before_footer_bottom":"","ocean_shortcode_after_footer_bottom":"","ocean_display_top_bar":"default","ocean_display_header":"default","ocean_header_style":"","ocean_center_header_left_menu":"0","ocean_custom_header_template":"0","ocean_custom_logo":251,"ocean_custom_retina_logo":19,"ocean_custom_logo_max_width":0,"ocean_custom_logo_tablet_max_width":0,"ocean_custom_logo_mobile_max_width":0,"ocean_custom_logo_max_height":0,"ocean_custom_logo_tablet_max_height":0,"ocean_custom_logo_mobile_max_height":0,"ocean_header_custom_menu":"0","ocean_menu_typo_font_family":"0","ocean_menu_typo_font_subset":"","ocean_menu_typo_font_size":0,"ocean_menu_typo_font_size_tablet":0,"ocean_menu_typo_font_size_mobile":0,"ocean_menu_typo_font_size_unit":"px","ocean_menu_typo_font_weight":"","ocean_menu_typo_font_weight_tablet":"","ocean_menu_typo_font_weight_mobile":"","ocean_menu_typo_transform":"","ocean_menu_typo_transform_tablet":"","ocean_menu_typo_transform_mobile":"","ocean_menu_typo_line_height":0,"ocean_menu_typo_line_height_tablet":0,"ocean_menu_typo_line_height_mobile":0,"ocean_menu_typo_line_height_unit":"","ocean_menu_typo_spacing":0,"ocean_menu_typo_spacing_tablet":0,"ocean_menu_typo_spacing_mobile":0,"ocean_menu_typo_spacing_unit":"","ocean_menu_link_color":"","ocean_menu_link_color_hover":"","ocean_menu_link_color_active":"","ocean_menu_link_background":"","ocean_menu_link_hover_background":"","ocean_menu_link_active_background":"","ocean_menu_social_links_bg":"","ocean_menu_social_hover_links_bg":"","ocean_menu_social_links_color":"","ocean_menu_social_hover_links_color":"","ocean_disable_title":"default","ocean_disable_heading":"default","ocean_post_title":"","ocean_post_subheading":"","ocean_post_title_style":"","ocean_post_title_background_color":"","ocean_post_title_background":0,"ocean_post_title_bg_image_position":"","ocean_post_title_bg_image_attachment":"","ocean_post_title_bg_image_repeat":"","ocean_post_title_bg_image_size":"","ocean_post_title_height":0,"ocean_post_title_bg_overlay":0.5,"ocean_post_title_bg_overlay_color":"","ocean_disable_breadcrumbs":"default","ocean_breadcrumbs_color":"","ocean_breadcrumbs_separator_color":"","ocean_breadcrumbs_links_color":"","ocean_breadcrumbs_links_hover_color":"","ocean_display_footer_widgets":"default","ocean_display_footer_bottom":"default","ocean_custom_footer_template":"0","osh_disable_topbar_sticky":"default","osh_disable_header_sticky":"default","osh_sticky_header_style":"default","osh_sticky_header_effect":"","osh_custom_sticky_logo":0,"osh_custom_retina_sticky_logo":0,"osh_custom_sticky_logo_height":0,"osh_background_color":"","osh_links_color":"","osh_links_hover_color":"","osh_links_active_color":"","osh_links_bg_color":"","osh_links_hover_bg_color":"","osh_links_active_bg_color":"","osh_menu_social_links_color":"","osh_menu_social_hover_links_color":"","footnotes":""},"class_list":["post-294","page","type-page","status-publish","hentry","entry"],"yoast_head":"<!-- This site is optimized with the Yoast SEO plugin v23.4 - https:\/\/yoast.com\/wordpress\/plugins\/seo\/ -->\n<title>A equipa - Prorad - Consultoria em F\u00edsica M\u00e9dica e Protec\u00e7\u00e3o Radiol\u00f3gica<\/title>\n<meta name=\"robots\" content=\"index, follow, max-snippet:-1, max-image-preview:large, max-video-preview:-1\" \/>\n<link rel=\"canonical\" href=\"https:\/\/prorad.pt\/index.php\/licenciamentos-e-registos\/\" \/>\n<meta property=\"og:locale\" content=\"en_US\" \/>\n<meta property=\"og:type\" content=\"article\" \/>\n<meta property=\"og:title\" content=\"A equipa - Prorad - Consultoria em F\u00edsica M\u00e9dica e Protec\u00e7\u00e3o Radiol\u00f3gica\" \/>\n<meta property=\"og:description\" content=\"O Especialista em F\u00edsica M\u00e9dica (EFM)\u00e9 o respons\u00e1vel pela optimiza\u00e7\u00e3o das doses de radia\u00e7\u00e3o, testes de aceita\u00e7\u00e3o e garantia da qualidade segundo a legisla\u00e7\u00e3o em vigor O nosso EFM Hugo Trindade Especialista em F\u00edsica M\u00e9dica Perito Qualificado \u00c1rea m\u00e9dica e n\u00e3o m\u00e9dica Formado em F\u00edsica pela Universidade de Lisboa, tem uma p\u00f3s-gradua\u00e7\u00e3o em F\u00edsica M\u00e9dica [&hellip;]\" \/>\n<meta property=\"og:url\" content=\"https:\/\/prorad.pt\/index.php\/licenciamentos-e-registos\/\" \/>\n<meta property=\"og:site_name\" content=\"Prorad - Consultoria em F\u00edsica M\u00e9dica e Protec\u00e7\u00e3o Radiol\u00f3gica\" \/>\n<meta property=\"article:modified_time\" content=\"2024-09-17T18:59:05+00:00\" \/>\n<meta property=\"og:image\" content=\"https:\/\/prorad.pt\/wp-content\/uploads\/2024\/09\/Imagem-WhatsApp-2024-09-08-as-17.01.38_3c07f811-v2-768x971.jpg\" \/>\n<meta name=\"twitter:card\" content=\"summary_large_image\" \/>\n<meta name=\"twitter:label1\" content=\"Est. reading time\" \/>\n\t<meta name=\"twitter:data1\" content=\"1 minute\" \/>\n<script type=\"application\/ld+json\" class=\"yoast-schema-graph\">{\"@context\":\"https:\/\/schema.org\",\"@graph\":[{\"@type\":\"WebPage\",\"@id\":\"https:\/\/prorad.pt\/index.php\/licenciamentos-e-registos\/\",\"url\":\"https:\/\/prorad.pt\/index.php\/licenciamentos-e-registos\/\",\"name\":\"A equipa - Prorad - Consultoria em F\u00edsica M\u00e9dica e Protec\u00e7\u00e3o Radiol\u00f3gica\",\"isPartOf\":{\"@id\":\"https:\/\/prorad.pt\/#website\"},\"primaryImageOfPage\":{\"@id\":\"https:\/\/prorad.pt\/index.php\/licenciamentos-e-registos\/#primaryimage\"},\"image\":{\"@id\":\"https:\/\/prorad.pt\/index.php\/licenciamentos-e-registos\/#primaryimage\"},\"thumbnailUrl\":\"https:\/\/prorad.pt\/wp-content\/uploads\/2024\/09\/Imagem-WhatsApp-2024-09-08-as-17.01.38_3c07f811-v2-768x971.jpg\",\"datePublished\":\"2024-09-08T14:15:53+00:00\",\"dateModified\":\"2024-09-17T18:59:05+00:00\",\"breadcrumb\":{\"@id\":\"https:\/\/prorad.pt\/index.php\/licenciamentos-e-registos\/#breadcrumb\"},\"inLanguage\":\"en-US\",\"potentialAction\":[{\"@type\":\"ReadAction\",\"target\":[\"https:\/\/prorad.pt\/index.php\/licenciamentos-e-registos\/\"]}]},{\"@type\":\"ImageObject\",\"inLanguage\":\"en-US\",\"@id\":\"https:\/\/prorad.pt\/index.php\/licenciamentos-e-registos\/#primaryimage\",\"url\":\"https:\/\/prorad.pt\/wp-content\/uploads\/2024\/09\/Imagem-WhatsApp-2024-09-08-as-17.01.38_3c07f811-v2.jpg\",\"contentUrl\":\"https:\/\/prorad.pt\/wp-content\/uploads\/2024\/09\/Imagem-WhatsApp-2024-09-08-as-17.01.38_3c07f811-v2.jpg\",\"width\":1272,\"height\":1608},{\"@type\":\"BreadcrumbList\",\"@id\":\"https:\/\/prorad.pt\/index.php\/licenciamentos-e-registos\/#breadcrumb\",\"itemListElement\":[{\"@type\":\"ListItem\",\"position\":1,\"name\":\"Home\",\"item\":\"https:\/\/prorad.pt\/\"},{\"@type\":\"ListItem\",\"position\":2,\"name\":\"A equipa\"}]},{\"@type\":\"WebSite\",\"@id\":\"https:\/\/prorad.pt\/#website\",\"url\":\"https:\/\/prorad.pt\/\",\"name\":\"Prorad - Consultoria em F\u00edsica M\u00e9dica e Protec\u00e7\u00e3o Radiol\u00f3gica\",\"description\":\"Actividade de consultoria na \u00e1rea da F\u00edsica M\u00e9dica, nomeadamente na utiliza\u00e7\u00e3o das radia\u00e7\u00f5es ionizantes nas \u00e1reas do radiodiagn\u00f3stico, medicina nuclear, radioterapia externa e braquiterapia, mas tamb\u00e9m na bioeletricidade, a bio-\u00f3ptica, a termografia, a hipertermia, a terapia e o diagn\u00f3stico com radia\u00e7\u00f5es n\u00e3o ionizantes.\",\"publisher\":{\"@id\":\"https:\/\/prorad.pt\/#organization\"},\"potentialAction\":[{\"@type\":\"SearchAction\",\"target\":{\"@type\":\"EntryPoint\",\"urlTemplate\":\"https:\/\/prorad.pt\/?s={search_term_string}\"},\"query-input\":{\"@type\":\"PropertyValueSpecification\",\"valueRequired\":true,\"valueName\":\"search_term_string\"}}],\"inLanguage\":\"en-US\"},{\"@type\":\"Organization\",\"@id\":\"https:\/\/prorad.pt\/#organization\",\"name\":\"Prorad - Consultoria em F\u00edsica M\u00e9dica e Protec\u00e7\u00e3o Radiol\u00f3gica\",\"url\":\"https:\/\/prorad.pt\/\",\"logo\":{\"@type\":\"ImageObject\",\"inLanguage\":\"en-US\",\"@id\":\"https:\/\/prorad.pt\/#\/schema\/logo\/image\/\",\"url\":\"https:\/\/prorad.pt\/wp-content\/uploads\/2024\/08\/prorad-1.jpg\",\"contentUrl\":\"https:\/\/prorad.pt\/wp-content\/uploads\/2024\/08\/prorad-1.jpg\",\"width\":753,\"height\":474,\"caption\":\"Prorad - Consultoria em F\u00edsica M\u00e9dica e Protec\u00e7\u00e3o Radiol\u00f3gica\"},\"image\":{\"@id\":\"https:\/\/prorad.pt\/#\/schema\/logo\/image\/\"}}]}<\/script>\n<!-- \/ Yoast SEO plugin. -->","yoast_head_json":{"title":"A equipa - Prorad - Consultoria em F\u00edsica M\u00e9dica e Protec\u00e7\u00e3o Radiol\u00f3gica","robots":{"index":"index","follow":"follow","max-snippet":"max-snippet:-1","max-image-preview":"max-image-preview:large","max-video-preview":"max-video-preview:-1"},"canonical":"https:\/\/prorad.pt\/index.php\/licenciamentos-e-registos\/","og_locale":"en_US","og_type":"article","og_title":"A equipa - Prorad - Consultoria em F\u00edsica M\u00e9dica e Protec\u00e7\u00e3o Radiol\u00f3gica","og_description":"O Especialista em F\u00edsica M\u00e9dica (EFM)\u00e9 o respons\u00e1vel pela optimiza\u00e7\u00e3o das doses de radia\u00e7\u00e3o, testes de aceita\u00e7\u00e3o e garantia da qualidade segundo a legisla\u00e7\u00e3o em vigor O nosso EFM Hugo Trindade Especialista em F\u00edsica M\u00e9dica Perito Qualificado \u00c1rea m\u00e9dica e n\u00e3o m\u00e9dica Formado em F\u00edsica pela Universidade de Lisboa, tem uma p\u00f3s-gradua\u00e7\u00e3o em F\u00edsica M\u00e9dica [&hellip;]","og_url":"https:\/\/prorad.pt\/index.php\/licenciamentos-e-registos\/","og_site_name":"Prorad - Consultoria em F\u00edsica M\u00e9dica e Protec\u00e7\u00e3o Radiol\u00f3gica","article_modified_time":"2024-09-17T18:59:05+00:00","og_image":[{"url":"https:\/\/prorad.pt\/wp-content\/uploads\/2024\/09\/Imagem-WhatsApp-2024-09-08-as-17.01.38_3c07f811-v2-768x971.jpg"}],"twitter_card":"summary_large_image","twitter_misc":{"Est. reading time":"1 minute"},"schema":{"@context":"https:\/\/schema.org","@graph":[{"@type":"WebPage","@id":"https:\/\/prorad.pt\/index.php\/licenciamentos-e-registos\/","url":"https:\/\/prorad.pt\/index.php\/licenciamentos-e-registos\/","name":"A equipa - Prorad - Consultoria em F\u00edsica M\u00e9dica e Protec\u00e7\u00e3o Radiol\u00f3gica","isPartOf":{"@id":"https:\/\/prorad.pt\/#website"},"primaryImageOfPage":{"@id":"https:\/\/prorad.pt\/index.php\/licenciamentos-e-registos\/#primaryimage"},"image":{"@id":"https:\/\/prorad.pt\/index.php\/licenciamentos-e-registos\/#primaryimage"},"thumbnailUrl":"https:\/\/prorad.pt\/wp-content\/uploads\/2024\/09\/Imagem-WhatsApp-2024-09-08-as-17.01.38_3c07f811-v2-768x971.jpg","datePublished":"2024-09-08T14:15:53+00:00","dateModified":"2024-09-17T18:59:05+00:00","breadcrumb":{"@id":"https:\/\/prorad.pt\/index.php\/licenciamentos-e-registos\/#breadcrumb"},"inLanguage":"en-US","potentialAction":[{"@type":"ReadAction","target":["https:\/\/prorad.pt\/index.php\/licenciamentos-e-registos\/"]}]},{"@type":"ImageObject","inLanguage":"en-US","@id":"https:\/\/prorad.pt\/index.php\/licenciamentos-e-registos\/#primaryimage","url":"https:\/\/prorad.pt\/wp-content\/uploads\/2024\/09\/Imagem-WhatsApp-2024-09-08-as-17.01.38_3c07f811-v2.jpg","contentUrl":"https:\/\/prorad.pt\/wp-content\/uploads\/2024\/09\/Imagem-WhatsApp-2024-09-08-as-17.01.38_3c07f811-v2.jpg","width":1272,"height":1608},{"@type":"BreadcrumbList","@id":"https:\/\/prorad.pt\/index.php\/licenciamentos-e-registos\/#breadcrumb","itemListElement":[{"@type":"ListItem","position":1,"name":"Home","item":"https:\/\/prorad.pt\/"},{"@type":"ListItem","position":2,"name":"A equipa"}]},{"@type":"WebSite","@id":"https:\/\/prorad.pt\/#website","url":"https:\/\/prorad.pt\/","name":"Prorad - Consultoria em F\u00edsica M\u00e9dica e Protec\u00e7\u00e3o Radiol\u00f3gica","description":"Actividade de consultoria na \u00e1rea da F\u00edsica M\u00e9dica, nomeadamente na utiliza\u00e7\u00e3o das radia\u00e7\u00f5es ionizantes nas \u00e1reas do radiodiagn\u00f3stico, medicina nuclear, radioterapia externa e braquiterapia, mas tamb\u00e9m na bioeletricidade, a bio-\u00f3ptica, a termografia, a hipertermia, a terapia e o diagn\u00f3stico com radia\u00e7\u00f5es n\u00e3o ionizantes.","publisher":{"@id":"https:\/\/prorad.pt\/#organization"},"potentialAction":[{"@type":"SearchAction","target":{"@type":"EntryPoint","urlTemplate":"https:\/\/prorad.pt\/?s={search_term_string}"},"query-input":{"@type":"PropertyValueSpecification","valueRequired":true,"valueName":"search_term_string"}}],"inLanguage":"en-US"},{"@type":"Organization","@id":"https:\/\/prorad.pt\/#organization","name":"Prorad - Consultoria em F\u00edsica M\u00e9dica e Protec\u00e7\u00e3o Radiol\u00f3gica","url":"https:\/\/prorad.pt\/","logo":{"@type":"ImageObject","inLanguage":"en-US","@id":"https:\/\/prorad.pt\/#\/schema\/logo\/image\/","url":"https:\/\/prorad.pt\/wp-content\/uploads\/2024\/08\/prorad-1.jpg","contentUrl":"https:\/\/prorad.pt\/wp-content\/uploads\/2024\/08\/prorad-1.jpg","width":753,"height":474,"caption":"Prorad - Consultoria em F\u00edsica M\u00e9dica e Protec\u00e7\u00e3o Radiol\u00f3gica"},"image":{"@id":"https:\/\/prorad.pt\/#\/schema\/logo\/image\/"}}]}},"_links":{"self":[{"href":"https:\/\/prorad.pt\/index.php\/wp-json\/wp\/v2\/pages\/294","targetHints":{"allow":["GET"]}}],"collection":[{"href":"https:\/\/prorad.pt\/index.php\/wp-json\/wp\/v2\/pages"}],"about":[{"href":"https:\/\/prorad.pt\/index.php\/wp-json\/wp\/v2\/types\/page"}],"author":[{"embeddable":true,"href":"https:\/\/prorad.pt\/index.php\/wp-json\/wp\/v2\/users\/1"}],"replies":[{"embeddable":true,"href":"https:\/\/prorad.pt\/index.php\/wp-json\/wp\/v2\/comments?post=294"}],"version-history":[{"count":16,"href":"https:\/\/prorad.pt\/index.php\/wp-json\/wp\/v2\/pages\/294\/revisions"}],"predecessor-version":[{"id":525,"href":"https:\/\/prorad.pt\/index.php\/wp-json\/wp\/v2\/pages\/294\/revisions\/525"}],"wp:attachment":[{"href":"https:\/\/prorad.pt\/index.php\/wp-json\/wp\/v2\/media?parent=294"}],"curies":[{"name":"wp","href":"https:\/\/api.w.org\/{rel}","templated":true}]}}