{"id":288,"date":"2024-09-08T14:14:29","date_gmt":"2024-09-08T14:14:29","guid":{"rendered":"https:\/\/prorad.pt\/?page_id=288"},"modified":"2024-09-17T14:44:42","modified_gmt":"2024-09-17T14:44:42","slug":"legionella","status":"publish","type":"page","link":"https:\/\/prorad.pt\/index.php\/legionella\/","title":{"rendered":"Legionella"},"content":{"rendered":"\t\t<div data-elementor-type=\"wp-page\" data-elementor-id=\"288\" class=\"elementor elementor-288\">\n\t\t\t\t<div class=\"elementor-element elementor-element-779d2d6 e-flex e-con-boxed e-con e-parent\" data-id=\"779d2d6\" data-element_type=\"container\">\n\t\t\t\t\t<div class=\"e-con-inner\">\n\t\t\t\t<div class=\"elementor-element elementor-element-c93fead elementor-widget elementor-widget-heading\" data-id=\"c93fead\" data-element_type=\"widget\" data-widget_type=\"heading.default\">\n\t\t\t\t<div class=\"elementor-widget-container\">\n\t\t\t<h2 class=\"elementor-heading-title elementor-size-default\">Legionella<\/h2>\t\t<\/div>\n\t\t\t\t<\/div>\n\t\t\t\t\t<\/div>\n\t\t\t\t<\/div>\n\t\t<div class=\"elementor-element elementor-element-Wv28Mrn e-flex e-con-boxed e-con e-parent\" data-id=\"Wv28Mrn\" data-element_type=\"container\">\n\t\t\t\t\t<div class=\"e-con-inner\">\n\t\t<div class=\"elementor-element elementor-element-RlYQNwd e-flex e-con-boxed e-con e-child\" data-id=\"RlYQNwd\" data-element_type=\"container\">\n\t\t\t\t\t<div class=\"e-con-inner\">\n\t\t\t\t<div class=\"elementor-element elementor-element-Xh7RB0e elementor-widget elementor-widget-heading\" data-id=\"Xh7RB0e\" data-element_type=\"widget\" data-widget_type=\"heading.default\">\n\t\t\t\t<div class=\"elementor-widget-container\">\n\t\t\t<h4 class=\"elementor-heading-title elementor-size-default\">Onde se encontra a bact\u00e9ria Legionella na \u00e1rea da sa\u00fade<\/h4>\t\t<\/div>\n\t\t\t\t<\/div>\n\t\t\t\t<div class=\"elementor-element elementor-element-IHMHjKM elementor-widget elementor-widget-text-editor\" data-id=\"IHMHjKM\" data-element_type=\"widget\" data-widget_type=\"text-editor.default\">\n\t\t\t\t<div class=\"elementor-widget-container\">\n\t\t\t\t\t\t\t<p>A bact\u00e9ria <em>Legionella<\/em> pode desenvolver-se em ambientes aqu\u00e1ticos, tanto naturais quanto artificiais, onde ocorre a liberta\u00e7\u00e3o de got\u00edculas de \u00e1gua (aeross\u00f3is), respons\u00e1veis pela transmiss\u00e3o da bact\u00e9ria. No contexto m\u00e9dico e odontol\u00f3gico, \u00e9 particularmente relevante em sistemas de \u00e1gua usados em unidades hospitalares, cl\u00ednicas e consult\u00f3rios de medicina dent\u00e1ria.<\/p><p>Embora possa existir em ambientes naturais, os sistemas artificiais de \u00e1gua s\u00e3o as principais fontes de risco em instala\u00e7\u00f5es de sa\u00fade, onde a sua transmiss\u00e3o pode ocorrer por inala\u00e7\u00e3o de aeross\u00f3is contaminados.<\/p><p>Certos fatores favorecem o desenvolvimento da <em>Legionella<\/em>:<\/p><ul><li>Temperatura da \u00e1gua entre 20\u00b0C e 45\u00b0C;<\/li><li>pH entre 5 e 8;<\/li><li>Humidade relativa superior a 60%.<\/li><\/ul><p>A bact\u00e9ria tende a proliferar em locais com pouca circula\u00e7\u00e3o de \u00e1gua, como reservat\u00f3rios de equipamentos m\u00e9dicos e dent\u00e1rios (como unidades de irriga\u00e7\u00e3o em cadeiras dent\u00e1rias), tubagens, e pontos de distribui\u00e7\u00e3o de \u00e1gua em \u00e1reas pouco utilizadas. Sistemas de \u00e1gua degradados, com corros\u00e3o ou incrusta\u00e7\u00e3o, s\u00e3o prop\u00edcios \u00e0 forma\u00e7\u00e3o de biofilmes, que facilitam a prolifera\u00e7\u00e3o da <em>Legionella<\/em>.<\/p><p>No contexto cl\u00ednico, a monitoriza\u00e7\u00e3o e manuten\u00e7\u00e3o adequadas dos sistemas de \u00e1gua s\u00e3o essenciais para prevenir surtos desta bact\u00e9ria, que pode causar infe\u00e7\u00f5es graves.<\/p>\t\t\t\t\t\t<\/div>\n\t\t\t\t<\/div>\n\t\t\t\t\t<\/div>\n\t\t\t\t<\/div>\n\t\t\t\t\t<\/div>\n\t\t\t\t<\/div>\n\t\t<div class=\"elementor-element elementor-element-pHNL1ju e-flex e-con-boxed e-con e-parent\" data-id=\"pHNL1ju\" data-element_type=\"container\">\n\t\t\t\t\t<div class=\"e-con-inner\">\n\t\t<div class=\"elementor-element elementor-element-obMYH5z e-con-full e-flex e-con e-child\" data-id=\"obMYH5z\" data-element_type=\"container\">\n\t\t<div class=\"elementor-element elementor-element-GjQdo1n e-con-full e-flex e-con e-child\" data-id=\"GjQdo1n\" data-element_type=\"container\">\n\t\t\t\t<div class=\"elementor-element elementor-element-97P09wS elementor-widget elementor-widget-heading\" data-id=\"97P09wS\" data-element_type=\"widget\" data-widget_type=\"heading.default\">\n\t\t\t\t<div class=\"elementor-widget-container\">\n\t\t\t<h2 class=\"elementor-heading-title elementor-size-default\"><h1 data-advancedhtml=\"\" style=\"-webkit-tap-highlight-color: rgba(0, 0, 0, 0); font-weight: var(--font-semi-bold); margin-bottom: 0px; color: rgb(39, 43, 48); font-family: Roboto, sans-serif; font-style: normal; font-variant-ligatures: normal; font-variant-caps: normal; text-align: start; white-space-collapse: collapse; font-size: 32px !important; line-height: 0.85 !important;\"><span data-expression=\"\" class=\"heading1\" tabindex=\"0\" style=\"-webkit-tap-highlight-color: rgba(0, 0, 0, 0); white-space-collapse: preserve; color: var(--color-neutral-10); font-size: 20px; font-weight: var(--font-semi-bold); line-height: 1.25;\">Portaria n.\u00ba 99\/2024\/1, de 13 de mar\u00e7o<\/span><\/h1><p class=\"paragraph-center\" style=\"-webkit-tap-highlight-color: rgba(0, 0, 0, 0); font-family: Roboto, sans-serif; font-size: 14px; line-height: 22px; margin-top: 10px; margin-bottom: -18px; color: rgb(39, 43, 48); font-style: normal; font-variant-ligatures: normal; font-variant-caps: normal; font-weight: 400; white-space-collapse: preserve-breaks;\">CAP\u00cdTULO III<\/p><span style=\"color: rgb(39, 43, 48); font-family: Roboto, sans-serif; font-size: 14px; font-style: normal; font-variant-ligatures: normal; font-variant-caps: normal; font-weight: 400; text-align: justify; white-space-collapse: preserve-breaks;\">\n<\/span><p class=\"paragraph-bold-center-14px\" style=\"-webkit-tap-highlight-color: rgba(0, 0, 0, 0); font-family: Roboto, sans-serif; font-size: 14px; line-height: 22px; margin-bottom: -5px; font-weight: bold; color: rgb(39, 43, 48); font-style: normal; font-variant-ligatures: normal; font-variant-caps: normal; white-space-collapse: preserve-breaks;\">DOCUMENTA\u00c7\u00c3O E CONDI\u00c7\u00d5ES DE FUNCIONAMENTO<\/p><span style=\"color: rgb(39, 43, 48); font-family: Roboto, sans-serif; font-size: 14px; font-style: normal; font-variant-ligatures: normal; font-variant-caps: normal; font-weight: 400; text-align: justify; white-space-collapse: preserve-breaks;\">\n<\/span><p class=\"paragraph-center\" style=\"-webkit-tap-highlight-color: rgba(0, 0, 0, 0); font-family: Roboto, sans-serif; font-size: 14px; line-height: 22px; margin-top: 10px; margin-bottom: -18px; color: rgb(39, 43, 48); font-style: normal; font-variant-ligatures: normal; font-variant-caps: normal; font-weight: 400; white-space-collapse: preserve-breaks;\">Artigo 8.\u00ba<\/p><span style=\"color: rgb(39, 43, 48); font-family: Roboto, sans-serif; font-size: 14px; font-style: normal; font-variant-ligatures: normal; font-variant-caps: normal; font-weight: 400; text-align: justify; white-space-collapse: preserve-breaks;\">\n<\/span><h2 data-elementor-setting-key=\"title\" data-pen-placeholder=\"Type Here...\" style=\"font-variant-ligatures: normal; font-variant-caps: normal; font-style: normal;\"><span style=\"color: rgb(39, 43, 48); font-family: Roboto, sans-serif; font-size: 14px; font-style: normal; font-variant-ligatures: normal; font-variant-caps: normal; font-weight: bold; white-space-collapse: preserve-breaks;\">Documenta\u00e7\u00e3o<\/span><br><span style=\"font-family: Manrope; font-size: 22px; font-weight: 600;\"><\/span><\/h2><\/h2>\t\t<\/div>\n\t\t\t\t<\/div>\n\t\t\t\t<div class=\"elementor-element elementor-element-YtTPv2M elementor-widget elementor-widget-text-editor\" data-id=\"YtTPv2M\" data-element_type=\"widget\" data-widget_type=\"text-editor.default\">\n\t\t\t\t<div class=\"elementor-widget-container\">\n\t\t\t\t\t\t\t<p><span style=\"color: #272b30; font-family: Roboto, sans-serif; font-size: 14px; font-style: normal; font-variant-ligatures: normal; font-variant-caps: normal; font-weight: 400; text-align: justify; white-space-collapse: preserve-breaks;\">j) Plano de preven\u00e7\u00e3o e controlo ou programa de manuten\u00e7\u00e3o e limpeza, bem como toda a documenta\u00e7\u00e3o associada no \u00e2mbito da legisla\u00e7\u00e3o em vigor, no sentido de prevenir o risco de prolifera\u00e7\u00e3o e dissemina\u00e7\u00e3o da bact\u00e9ria Legionella;<\/span><\/p>\t\t\t\t\t\t<\/div>\n\t\t\t\t<\/div>\n\t\t\t\t<\/div>\n\t\t\t\t<\/div>\n\t\t<div class=\"elementor-element elementor-element-0OwliNM e-con-full e-flex e-con e-child\" data-id=\"0OwliNM\" data-element_type=\"container\">\n\t\t<div class=\"elementor-element elementor-element-VJEiOpL e-con-full e-flex e-con e-child\" data-id=\"VJEiOpL\" data-element_type=\"container\">\n\t\t\t\t<div class=\"elementor-element elementor-element-2cnZNgf elementor-widget__width-auto elementor-widget elementor-widget-heading\" data-id=\"2cnZNgf\" data-element_type=\"widget\" data-widget_type=\"heading.default\">\n\t\t\t\t<div class=\"elementor-widget-container\">\n\t\t\t<p class=\"elementor-heading-title elementor-size-default\">\u00a9 All rights Reserved<\/p>\t\t<\/div>\n\t\t\t\t<\/div>\n\t\t\t\t<\/div>\n\t\t\t\t<\/div>\n\t\t\t\t\t<\/div>\n\t\t\t\t<\/div>\n\t\t\t\t<\/div>\n\t\t","protected":false},"excerpt":{"rendered":"<p>Legionella Onde se encontra a bact\u00e9ria Legionella na \u00e1rea da sa\u00fade A bact\u00e9ria Legionella pode desenvolver-se em ambientes aqu\u00e1ticos, tanto naturais quanto artificiais, onde ocorre a liberta\u00e7\u00e3o de got\u00edculas de \u00e1gua (aeross\u00f3is), respons\u00e1veis pela transmiss\u00e3o da bact\u00e9ria. No contexto m\u00e9dico e odontol\u00f3gico, \u00e9 particularmente relevante em sistemas de \u00e1gua usados em unidades hospitalares, cl\u00ednicas e [&hellip;]<\/p>\n","protected":false},"author":1,"featured_media":0,"parent":0,"menu_order":0,"comment_status":"closed","ping_status":"closed","template":"","meta":{"ocean_post_layout":"","ocean_both_sidebars_style":"","ocean_both_sidebars_content_width":0,"ocean_both_sidebars_sidebars_width":0,"ocean_sidebar":"0","ocean_second_sidebar":"0","ocean_disable_margins":"enable","ocean_add_body_class":"","ocean_shortcode_before_top_bar":"","ocean_shortcode_after_top_bar":"","ocean_shortcode_before_header":"","ocean_shortcode_after_header":"","ocean_has_shortcode":"","ocean_shortcode_after_title":"","ocean_shortcode_before_footer_widgets":"","ocean_shortcode_after_footer_widgets":"","ocean_shortcode_before_footer_bottom":"","ocean_shortcode_after_footer_bottom":"","ocean_display_top_bar":"default","ocean_display_header":"default","ocean_header_style":"","ocean_center_header_left_menu":"0","ocean_custom_header_template":"0","ocean_custom_logo":0,"ocean_custom_retina_logo":0,"ocean_custom_logo_max_width":0,"ocean_custom_logo_tablet_max_width":0,"ocean_custom_logo_mobile_max_width":0,"ocean_custom_logo_max_height":0,"ocean_custom_logo_tablet_max_height":0,"ocean_custom_logo_mobile_max_height":0,"ocean_header_custom_menu":"0","ocean_menu_typo_font_family":"0","ocean_menu_typo_font_subset":"","ocean_menu_typo_font_size":0,"ocean_menu_typo_font_size_tablet":0,"ocean_menu_typo_font_size_mobile":0,"ocean_menu_typo_font_size_unit":"px","ocean_menu_typo_font_weight":"","ocean_menu_typo_font_weight_tablet":"","ocean_menu_typo_font_weight_mobile":"","ocean_menu_typo_transform":"","ocean_menu_typo_transform_tablet":"","ocean_menu_typo_transform_mobile":"","ocean_menu_typo_line_height":0,"ocean_menu_typo_line_height_tablet":0,"ocean_menu_typo_line_height_mobile":0,"ocean_menu_typo_line_height_unit":"","ocean_menu_typo_spacing":0,"ocean_menu_typo_spacing_tablet":0,"ocean_menu_typo_spacing_mobile":0,"ocean_menu_typo_spacing_unit":"","ocean_menu_link_color":"","ocean_menu_link_color_hover":"","ocean_menu_link_color_active":"","ocean_menu_link_background":"","ocean_menu_link_hover_background":"","ocean_menu_link_active_background":"","ocean_menu_social_links_bg":"","ocean_menu_social_hover_links_bg":"","ocean_menu_social_links_color":"","ocean_menu_social_hover_links_color":"","ocean_disable_title":"default","ocean_disable_heading":"default","ocean_post_title":"","ocean_post_subheading":"","ocean_post_title_style":"","ocean_post_title_background_color":"","ocean_post_title_background":0,"ocean_post_title_bg_image_position":"","ocean_post_title_bg_image_attachment":"","ocean_post_title_bg_image_repeat":"","ocean_post_title_bg_image_size":"","ocean_post_title_height":0,"ocean_post_title_bg_overlay":0.5,"ocean_post_title_bg_overlay_color":"","ocean_disable_breadcrumbs":"default","ocean_breadcrumbs_color":"","ocean_breadcrumbs_separator_color":"","ocean_breadcrumbs_links_color":"","ocean_breadcrumbs_links_hover_color":"","ocean_display_footer_widgets":"default","ocean_display_footer_bottom":"default","ocean_custom_footer_template":"0","osh_disable_topbar_sticky":"default","osh_disable_header_sticky":"default","osh_sticky_header_style":"default","osh_sticky_header_effect":"","osh_custom_sticky_logo":0,"osh_custom_retina_sticky_logo":0,"osh_custom_sticky_logo_height":0,"osh_background_color":"","osh_links_color":"","osh_links_hover_color":"","osh_links_active_color":"","osh_links_bg_color":"","osh_links_hover_bg_color":"","osh_links_active_bg_color":"","osh_menu_social_links_color":"","osh_menu_social_hover_links_color":"","footnotes":""},"class_list":["post-288","page","type-page","status-publish","hentry","entry"],"yoast_head":"<!-- This site is optimized with the Yoast SEO plugin v23.4 - https:\/\/yoast.com\/wordpress\/plugins\/seo\/ -->\n<title>Legionella - Prorad - Consultoria em F\u00edsica M\u00e9dica e Protec\u00e7\u00e3o Radiol\u00f3gica<\/title>\n<meta name=\"robots\" content=\"index, follow, max-snippet:-1, max-image-preview:large, max-video-preview:-1\" \/>\n<link rel=\"canonical\" href=\"https:\/\/prorad.pt\/index.php\/legionella\/\" \/>\n<meta property=\"og:locale\" content=\"en_US\" \/>\n<meta property=\"og:type\" content=\"article\" \/>\n<meta property=\"og:title\" content=\"Legionella - Prorad - Consultoria em F\u00edsica M\u00e9dica e Protec\u00e7\u00e3o Radiol\u00f3gica\" \/>\n<meta property=\"og:description\" content=\"Legionella Onde se encontra a bact\u00e9ria Legionella na \u00e1rea da sa\u00fade A bact\u00e9ria Legionella pode desenvolver-se em ambientes aqu\u00e1ticos, tanto naturais quanto artificiais, onde ocorre a liberta\u00e7\u00e3o de got\u00edculas de \u00e1gua (aeross\u00f3is), respons\u00e1veis pela transmiss\u00e3o da bact\u00e9ria. No contexto m\u00e9dico e odontol\u00f3gico, \u00e9 particularmente relevante em sistemas de \u00e1gua usados em unidades hospitalares, cl\u00ednicas e [&hellip;]\" \/>\n<meta property=\"og:url\" content=\"https:\/\/prorad.pt\/index.php\/legionella\/\" \/>\n<meta property=\"og:site_name\" content=\"Prorad - Consultoria em F\u00edsica M\u00e9dica e Protec\u00e7\u00e3o Radiol\u00f3gica\" \/>\n<meta property=\"article:modified_time\" content=\"2024-09-17T14:44:42+00:00\" \/>\n<meta name=\"twitter:card\" content=\"summary_large_image\" \/>\n<meta name=\"twitter:label1\" content=\"Est. reading time\" \/>\n\t<meta name=\"twitter:data1\" content=\"2 minutes\" \/>\n<script type=\"application\/ld+json\" class=\"yoast-schema-graph\">{\"@context\":\"https:\/\/schema.org\",\"@graph\":[{\"@type\":\"WebPage\",\"@id\":\"https:\/\/prorad.pt\/index.php\/legionella\/\",\"url\":\"https:\/\/prorad.pt\/index.php\/legionella\/\",\"name\":\"Legionella - Prorad - Consultoria em F\u00edsica M\u00e9dica e Protec\u00e7\u00e3o Radiol\u00f3gica\",\"isPartOf\":{\"@id\":\"https:\/\/prorad.pt\/#website\"},\"datePublished\":\"2024-09-08T14:14:29+00:00\",\"dateModified\":\"2024-09-17T14:44:42+00:00\",\"breadcrumb\":{\"@id\":\"https:\/\/prorad.pt\/index.php\/legionella\/#breadcrumb\"},\"inLanguage\":\"en-US\",\"potentialAction\":[{\"@type\":\"ReadAction\",\"target\":[\"https:\/\/prorad.pt\/index.php\/legionella\/\"]}]},{\"@type\":\"BreadcrumbList\",\"@id\":\"https:\/\/prorad.pt\/index.php\/legionella\/#breadcrumb\",\"itemListElement\":[{\"@type\":\"ListItem\",\"position\":1,\"name\":\"Home\",\"item\":\"https:\/\/prorad.pt\/\"},{\"@type\":\"ListItem\",\"position\":2,\"name\":\"Legionella\"}]},{\"@type\":\"WebSite\",\"@id\":\"https:\/\/prorad.pt\/#website\",\"url\":\"https:\/\/prorad.pt\/\",\"name\":\"Prorad - Consultoria em F\u00edsica M\u00e9dica e Protec\u00e7\u00e3o Radiol\u00f3gica\",\"description\":\"Actividade de consultoria na \u00e1rea da F\u00edsica M\u00e9dica, nomeadamente na utiliza\u00e7\u00e3o das radia\u00e7\u00f5es ionizantes nas \u00e1reas do radiodiagn\u00f3stico, medicina nuclear, radioterapia externa e braquiterapia, mas tamb\u00e9m na bioeletricidade, a bio-\u00f3ptica, a termografia, a hipertermia, a terapia e o diagn\u00f3stico com radia\u00e7\u00f5es n\u00e3o ionizantes.\",\"publisher\":{\"@id\":\"https:\/\/prorad.pt\/#organization\"},\"potentialAction\":[{\"@type\":\"SearchAction\",\"target\":{\"@type\":\"EntryPoint\",\"urlTemplate\":\"https:\/\/prorad.pt\/?s={search_term_string}\"},\"query-input\":{\"@type\":\"PropertyValueSpecification\",\"valueRequired\":true,\"valueName\":\"search_term_string\"}}],\"inLanguage\":\"en-US\"},{\"@type\":\"Organization\",\"@id\":\"https:\/\/prorad.pt\/#organization\",\"name\":\"Prorad - Consultoria em F\u00edsica M\u00e9dica e Protec\u00e7\u00e3o Radiol\u00f3gica\",\"url\":\"https:\/\/prorad.pt\/\",\"logo\":{\"@type\":\"ImageObject\",\"inLanguage\":\"en-US\",\"@id\":\"https:\/\/prorad.pt\/#\/schema\/logo\/image\/\",\"url\":\"https:\/\/prorad.pt\/wp-content\/uploads\/2024\/08\/prorad-1.jpg\",\"contentUrl\":\"https:\/\/prorad.pt\/wp-content\/uploads\/2024\/08\/prorad-1.jpg\",\"width\":753,\"height\":474,\"caption\":\"Prorad - Consultoria em F\u00edsica M\u00e9dica e Protec\u00e7\u00e3o Radiol\u00f3gica\"},\"image\":{\"@id\":\"https:\/\/prorad.pt\/#\/schema\/logo\/image\/\"}}]}<\/script>\n<!-- \/ Yoast SEO plugin. -->","yoast_head_json":{"title":"Legionella - Prorad - Consultoria em F\u00edsica M\u00e9dica e Protec\u00e7\u00e3o Radiol\u00f3gica","robots":{"index":"index","follow":"follow","max-snippet":"max-snippet:-1","max-image-preview":"max-image-preview:large","max-video-preview":"max-video-preview:-1"},"canonical":"https:\/\/prorad.pt\/index.php\/legionella\/","og_locale":"en_US","og_type":"article","og_title":"Legionella - Prorad - Consultoria em F\u00edsica M\u00e9dica e Protec\u00e7\u00e3o Radiol\u00f3gica","og_description":"Legionella Onde se encontra a bact\u00e9ria Legionella na \u00e1rea da sa\u00fade A bact\u00e9ria Legionella pode desenvolver-se em ambientes aqu\u00e1ticos, tanto naturais quanto artificiais, onde ocorre a liberta\u00e7\u00e3o de got\u00edculas de \u00e1gua (aeross\u00f3is), respons\u00e1veis pela transmiss\u00e3o da bact\u00e9ria. No contexto m\u00e9dico e odontol\u00f3gico, \u00e9 particularmente relevante em sistemas de \u00e1gua usados em unidades hospitalares, cl\u00ednicas e [&hellip;]","og_url":"https:\/\/prorad.pt\/index.php\/legionella\/","og_site_name":"Prorad - Consultoria em F\u00edsica M\u00e9dica e Protec\u00e7\u00e3o Radiol\u00f3gica","article_modified_time":"2024-09-17T14:44:42+00:00","twitter_card":"summary_large_image","twitter_misc":{"Est. reading time":"2 minutes"},"schema":{"@context":"https:\/\/schema.org","@graph":[{"@type":"WebPage","@id":"https:\/\/prorad.pt\/index.php\/legionella\/","url":"https:\/\/prorad.pt\/index.php\/legionella\/","name":"Legionella - Prorad - Consultoria em F\u00edsica M\u00e9dica e Protec\u00e7\u00e3o Radiol\u00f3gica","isPartOf":{"@id":"https:\/\/prorad.pt\/#website"},"datePublished":"2024-09-08T14:14:29+00:00","dateModified":"2024-09-17T14:44:42+00:00","breadcrumb":{"@id":"https:\/\/prorad.pt\/index.php\/legionella\/#breadcrumb"},"inLanguage":"en-US","potentialAction":[{"@type":"ReadAction","target":["https:\/\/prorad.pt\/index.php\/legionella\/"]}]},{"@type":"BreadcrumbList","@id":"https:\/\/prorad.pt\/index.php\/legionella\/#breadcrumb","itemListElement":[{"@type":"ListItem","position":1,"name":"Home","item":"https:\/\/prorad.pt\/"},{"@type":"ListItem","position":2,"name":"Legionella"}]},{"@type":"WebSite","@id":"https:\/\/prorad.pt\/#website","url":"https:\/\/prorad.pt\/","name":"Prorad - Consultoria em F\u00edsica M\u00e9dica e Protec\u00e7\u00e3o Radiol\u00f3gica","description":"Actividade de consultoria na \u00e1rea da F\u00edsica M\u00e9dica, nomeadamente na utiliza\u00e7\u00e3o das radia\u00e7\u00f5es ionizantes nas \u00e1reas do radiodiagn\u00f3stico, medicina nuclear, radioterapia externa e braquiterapia, mas tamb\u00e9m na bioeletricidade, a bio-\u00f3ptica, a termografia, a hipertermia, a terapia e o diagn\u00f3stico com radia\u00e7\u00f5es n\u00e3o ionizantes.","publisher":{"@id":"https:\/\/prorad.pt\/#organization"},"potentialAction":[{"@type":"SearchAction","target":{"@type":"EntryPoint","urlTemplate":"https:\/\/prorad.pt\/?s={search_term_string}"},"query-input":{"@type":"PropertyValueSpecification","valueRequired":true,"valueName":"search_term_string"}}],"inLanguage":"en-US"},{"@type":"Organization","@id":"https:\/\/prorad.pt\/#organization","name":"Prorad - Consultoria em F\u00edsica M\u00e9dica e Protec\u00e7\u00e3o Radiol\u00f3gica","url":"https:\/\/prorad.pt\/","logo":{"@type":"ImageObject","inLanguage":"en-US","@id":"https:\/\/prorad.pt\/#\/schema\/logo\/image\/","url":"https:\/\/prorad.pt\/wp-content\/uploads\/2024\/08\/prorad-1.jpg","contentUrl":"https:\/\/prorad.pt\/wp-content\/uploads\/2024\/08\/prorad-1.jpg","width":753,"height":474,"caption":"Prorad - Consultoria em F\u00edsica M\u00e9dica e Protec\u00e7\u00e3o Radiol\u00f3gica"},"image":{"@id":"https:\/\/prorad.pt\/#\/schema\/logo\/image\/"}}]}},"_links":{"self":[{"href":"https:\/\/prorad.pt\/index.php\/wp-json\/wp\/v2\/pages\/288","targetHints":{"allow":["GET"]}}],"collection":[{"href":"https:\/\/prorad.pt\/index.php\/wp-json\/wp\/v2\/pages"}],"about":[{"href":"https:\/\/prorad.pt\/index.php\/wp-json\/wp\/v2\/types\/page"}],"author":[{"embeddable":true,"href":"https:\/\/prorad.pt\/index.php\/wp-json\/wp\/v2\/users\/1"}],"replies":[{"embeddable":true,"href":"https:\/\/prorad.pt\/index.php\/wp-json\/wp\/v2\/comments?post=288"}],"version-history":[{"count":17,"href":"https:\/\/prorad.pt\/index.php\/wp-json\/wp\/v2\/pages\/288\/revisions"}],"predecessor-version":[{"id":493,"href":"https:\/\/prorad.pt\/index.php\/wp-json\/wp\/v2\/pages\/288\/revisions\/493"}],"wp:attachment":[{"href":"https:\/\/prorad.pt\/index.php\/wp-json\/wp\/v2\/media?parent=288"}],"curies":[{"name":"wp","href":"https:\/\/api.w.org\/{rel}","templated":true}]}}