{"id":277,"date":"2024-09-08T13:45:25","date_gmt":"2024-09-08T13:45:25","guid":{"rendered":"https:\/\/prorad.pt\/?page_id=277"},"modified":"2024-09-08T19:08:09","modified_gmt":"2024-09-08T19:08:09","slug":"radao","status":"publish","type":"page","link":"https:\/\/prorad.pt\/index.php\/radao\/","title":{"rendered":"Rad\u00e3o"},"content":{"rendered":"\t\t<div data-elementor-type=\"wp-page\" data-elementor-id=\"277\" class=\"elementor elementor-277\">\n\t\t\t\t<div class=\"elementor-element elementor-element-3EPQlk0 e-flex e-con-boxed e-con e-parent\" data-id=\"3EPQlk0\" data-element_type=\"container\">\n\t\t\t\t\t<div class=\"e-con-inner\">\n\t\t<div class=\"elementor-element elementor-element-2WVYAxP e-con-full e-flex e-con e-child\" data-id=\"2WVYAxP\" data-element_type=\"container\">\n\t\t\t\t<div class=\"elementor-element elementor-element-ssnLgCA elementor-widget elementor-widget-image\" data-id=\"ssnLgCA\" data-element_type=\"widget\" data-widget_type=\"image.default\">\n\t\t\t\t<div class=\"elementor-widget-container\">\n\t\t\t\t\t\t\t\t\t\t\t\t\t<img fetchpriority=\"high\" decoding=\"async\" width=\"1024\" height=\"597\" src=\"https:\/\/prorad.pt\/wp-content\/uploads\/2024\/02\/owp-mentor-post-001-1024x597.jpg\" class=\"attachment-large size-large wp-image-225\" alt=\"\" srcset=\"https:\/\/prorad.pt\/wp-content\/uploads\/2024\/02\/owp-mentor-post-001-1024x597.jpg 1024w, https:\/\/prorad.pt\/wp-content\/uploads\/2024\/02\/owp-mentor-post-001-300x175.jpg 300w, https:\/\/prorad.pt\/wp-content\/uploads\/2024\/02\/owp-mentor-post-001-768x448.jpg 768w, https:\/\/prorad.pt\/wp-content\/uploads\/2024\/02\/owp-mentor-post-001.jpg 1200w\" sizes=\"(max-width: 1024px) 100vw, 1024px\" \/>\t\t\t\t\t\t\t\t\t\t\t\t\t<\/div>\n\t\t\t\t<\/div>\n\t\t\t\t<div class=\"elementor-element elementor-element-ZxONsiZ elementor-widget elementor-widget-heading\" data-id=\"ZxONsiZ\" data-element_type=\"widget\" data-widget_type=\"heading.default\">\n\t\t\t\t<div class=\"elementor-widget-container\">\n\t\t\t<h2 class=\"elementor-heading-title elementor-size-default\">Rad\u00e3o<\/h2>\t\t<\/div>\n\t\t\t\t<\/div>\n\t\t\t\t<div class=\"elementor-element elementor-element-kyv3hYI elementor-widget elementor-widget-text-editor\" data-id=\"kyv3hYI\" data-element_type=\"widget\" data-widget_type=\"text-editor.default\">\n\t\t\t\t<div class=\"elementor-widget-container\">\n\t\t\t\t\t\t\t<p style=\"box-sizing: inherit; margin-bottom: 1em; font-variant-ligatures: normal; font-variant-caps: normal; font-family: Poppins, sans-serif; font-size: 14px; font-style: normal; font-weight: 400; color: #666666;\"><span style=\"font-size: 14px; font-weight: bold; color: #363636;\">Quais s\u00e3o os riscos para a sa\u00fade humana devido \u00e0 exposi\u00e7\u00e3o ao rad\u00e3o?<\/span><\/p><p style=\"box-sizing: inherit; margin-bottom: 1em; font-variant-ligatures: normal; font-variant-caps: normal; font-family: Poppins, sans-serif; font-size: 14px; font-style: normal; font-weight: 400; color: #666666;\">A exposi\u00e7\u00e3o prolongada ao rad\u00e3o no interior de edif\u00edcios \u00e9 uma das principais causas de aparecimento de cancro do pulm\u00e3o.<\/p><p style=\"font-variant-ligatures: normal; font-variant-caps: normal; font-family: Manrope; font-size: 16px; font-style: normal; font-weight: 500;\"><span style=\"font-variant-ligatures: normal; font-variant-caps: normal; font-family: Poppins, sans-serif; font-size: 14px; font-style: normal; font-weight: 400; color: #666666;\">O rad\u00e3o \u00e9 a maior fonte natural de exposi\u00e7\u00e3o das popula\u00e7\u00f5es \u00e0 radia\u00e7\u00e3o ionizante e contribui com mais de 40%. O rad\u00e3o produz part\u00edculas radioativas no ar que respiramos. Essas part\u00edculas ficam retidas nas nossas vias respirat\u00f3rias e a\u00ed emitem radia\u00e7\u00e3o que provoca danos nos pulm\u00f5es. Este dano aumenta o risco de cancro do pulm\u00e3o para exposi\u00e7\u00f5es prolongadas no tempo.<\/span><\/p><p style=\"font-variant-ligatures: normal; font-variant-caps: normal; font-family: Manrope; font-size: 16px; font-style: normal; font-weight: 500;\"><span style=\"font-variant-ligatures: normal; font-variant-caps: normal; font-family: Poppins, sans-serif; font-size: 14px; font-style: normal; font-weight: 400; color: #666666;\">\u00a0<\/span><a style=\"font-size: 14px; font-weight: bold; background-color: #ffffff;\" href=\"https:\/\/apambiente.pt\/prevencao-e-gestao-de-riscos\/perguntas-frequentes-e-contactos\">https:\/\/apambiente.pt\/prevencao-e-gestao-de-riscos\/perguntas-frequentes-e-contactos<\/a><\/p><p><span style=\"color: #666666; font-family: Poppins, sans-serif; font-size: 14px; font-style: normal; font-variant-ligatures: normal; font-variant-caps: normal; font-weight: 400;\">\u00a0<\/span><\/p>\t\t\t\t\t\t<\/div>\n\t\t\t\t<\/div>\n\t\t\t\t<\/div>\n\t\t\t\t\t<\/div>\n\t\t\t\t<\/div>\n\t\t<div class=\"elementor-element elementor-element-ec6ee5d e-flex e-con-boxed e-con e-parent\" data-id=\"ec6ee5d\" data-element_type=\"container\">\n\t\t\t\t\t<div class=\"e-con-inner\">\n\t\t\t\t<div class=\"elementor-element elementor-element-08bbe6f elementor-widget elementor-widget-text-editor\" data-id=\"08bbe6f\" data-element_type=\"widget\" data-widget_type=\"text-editor.default\">\n\t\t\t\t<div class=\"elementor-widget-container\">\n\t\t\t\t\t\t\t<p class=\"paragraph-center\" style=\"-webkit-tap-highlight-color: rgba(0, 0, 0, 0); font-family: Roboto, sans-serif; font-size: 14px; line-height: 22px; margin-top: 10px; margin-bottom: -18px; text-align: center; color: #272b30; font-style: normal; font-variant-ligatures: normal; font-variant-caps: normal; font-weight: 400; white-space-collapse: preserve-breaks;\">Artigo 147.\u00ba<\/p><p>\u00a0<\/p><p class=\"paragraph-bold-center-14px\" style=\"-webkit-tap-highlight-color: rgba(0, 0, 0, 0); font-family: Roboto, sans-serif; font-size: 14px; line-height: 22px; margin-bottom: -5px; font-weight: bold; text-align: center; color: #272b30; font-style: normal; font-variant-ligatures: normal; font-variant-caps: normal; white-space-collapse: preserve-breaks;\">Monitoriza\u00e7\u00e3o do rad\u00e3o nos locais de trabalho<\/p><p>\u00a0<\/p><p class=\"paragraph-normal-text\" style=\"-webkit-tap-highlight-color: rgba(0, 0, 0, 0); font-family: Roboto, sans-serif; font-size: 14px; line-height: 22px; margin-bottom: -18px; color: #272b30; font-style: normal; font-variant-ligatures: normal; font-variant-caps: normal; font-weight: 400; text-align: justify; white-space-collapse: preserve-breaks;\">1 &#8211; As entidades empregadoras realizam medi\u00e7\u00f5es de rad\u00e3o com uma periodicidade n\u00e3o superior a 12 meses:<\/p><p>\u00a0<\/p><p class=\"paragraph-normal-text\" style=\"-webkit-tap-highlight-color: rgba(0, 0, 0, 0); font-family: Roboto, sans-serif; font-size: 14px; line-height: 22px; margin-bottom: -18px; color: #272b30; font-style: normal; font-variant-ligatures: normal; font-variant-caps: normal; font-weight: 400; text-align: justify; white-space-collapse: preserve-breaks;\">a) Quando o local esteja situado em zonas identificadas no plano estrat\u00e9gico nacional para o rad\u00e3o, no piso t\u00e9rreo ou ao n\u00edvel do subsolo, tendo em conta os par\u00e2metros inclu\u00eddos no plano;<\/p><p>\u00a0<\/p><p class=\"paragraph-normal-text\" style=\"-webkit-tap-highlight-color: rgba(0, 0, 0, 0); font-family: Roboto, sans-serif; font-size: 14px; line-height: 22px; margin-bottom: -18px; color: #272b30; font-style: normal; font-variant-ligatures: normal; font-variant-caps: normal; font-weight: 400; text-align: justify; white-space-collapse: preserve-breaks;\">b) Em tipos espec\u00edficos de locais de trabalho identificados no plano estrat\u00e9gico nacional para o rad\u00e3o.<\/p><p>\u00a0<\/p><p class=\"paragraph-normal-text\" style=\"-webkit-tap-highlight-color: rgba(0, 0, 0, 0); font-family: Roboto, sans-serif; font-size: 14px; line-height: 22px; margin-bottom: -18px; color: #272b30; font-style: normal; font-variant-ligatures: normal; font-variant-caps: normal; font-weight: 400; text-align: justify; white-space-collapse: preserve-breaks;\">2 &#8211; Em zonas dos locais de trabalho em que a concentra\u00e7\u00e3o de rad\u00e3o, em m\u00e9dia anual, continue a exceder o n\u00edvel de refer\u00eancia nacional, apesar das medidas tomadas em conformidade com o princ\u00edpio da otimiza\u00e7\u00e3o, aplicam-se as disposi\u00e7\u00f5es referentes \u00e0s situa\u00e7\u00f5es de exposi\u00e7\u00e3o planeada.<\/p>\t\t\t\t\t\t<\/div>\n\t\t\t\t<\/div>\n\t\t\t\t\t<\/div>\n\t\t\t\t<\/div>\n\t\t\t\t<\/div>\n\t\t","protected":false},"excerpt":{"rendered":"<p>Rad\u00e3o Quais s\u00e3o os riscos para a sa\u00fade humana devido \u00e0 exposi\u00e7\u00e3o ao rad\u00e3o? A exposi\u00e7\u00e3o prolongada ao rad\u00e3o no interior de edif\u00edcios \u00e9 uma das principais causas de aparecimento de cancro do pulm\u00e3o. O rad\u00e3o \u00e9 a maior fonte natural de exposi\u00e7\u00e3o das popula\u00e7\u00f5es \u00e0 radia\u00e7\u00e3o ionizante e contribui com mais de 40%. O [&hellip;]<\/p>\n","protected":false},"author":1,"featured_media":0,"parent":0,"menu_order":0,"comment_status":"closed","ping_status":"closed","template":"","meta":{"ocean_post_layout":"","ocean_both_sidebars_style":"","ocean_both_sidebars_content_width":0,"ocean_both_sidebars_sidebars_width":0,"ocean_sidebar":"","ocean_second_sidebar":"","ocean_disable_margins":"enable","ocean_add_body_class":"","ocean_shortcode_before_top_bar":"","ocean_shortcode_after_top_bar":"","ocean_shortcode_before_header":"","ocean_shortcode_after_header":"","ocean_has_shortcode":"","ocean_shortcode_after_title":"","ocean_shortcode_before_footer_widgets":"","ocean_shortcode_after_footer_widgets":"","ocean_shortcode_before_footer_bottom":"","ocean_shortcode_after_footer_bottom":"","ocean_display_top_bar":"default","ocean_display_header":"default","ocean_header_style":"","ocean_center_header_left_menu":"","ocean_custom_header_template":"","ocean_custom_logo":0,"ocean_custom_retina_logo":0,"ocean_custom_logo_max_width":0,"ocean_custom_logo_tablet_max_width":0,"ocean_custom_logo_mobile_max_width":0,"ocean_custom_logo_max_height":0,"ocean_custom_logo_tablet_max_height":0,"ocean_custom_logo_mobile_max_height":0,"ocean_header_custom_menu":"","ocean_menu_typo_font_family":"","ocean_menu_typo_font_subset":"","ocean_menu_typo_font_size":0,"ocean_menu_typo_font_size_tablet":0,"ocean_menu_typo_font_size_mobile":0,"ocean_menu_typo_font_size_unit":"px","ocean_menu_typo_font_weight":"","ocean_menu_typo_font_weight_tablet":"","ocean_menu_typo_font_weight_mobile":"","ocean_menu_typo_transform":"","ocean_menu_typo_transform_tablet":"","ocean_menu_typo_transform_mobile":"","ocean_menu_typo_line_height":0,"ocean_menu_typo_line_height_tablet":0,"ocean_menu_typo_line_height_mobile":0,"ocean_menu_typo_line_height_unit":"","ocean_menu_typo_spacing":0,"ocean_menu_typo_spacing_tablet":0,"ocean_menu_typo_spacing_mobile":0,"ocean_menu_typo_spacing_unit":"","ocean_menu_link_color":"","ocean_menu_link_color_hover":"","ocean_menu_link_color_active":"","ocean_menu_link_background":"","ocean_menu_link_hover_background":"","ocean_menu_link_active_background":"","ocean_menu_social_links_bg":"","ocean_menu_social_hover_links_bg":"","ocean_menu_social_links_color":"","ocean_menu_social_hover_links_color":"","ocean_disable_title":"default","ocean_disable_heading":"default","ocean_post_title":"","ocean_post_subheading":"","ocean_post_title_style":"","ocean_post_title_background_color":"","ocean_post_title_background":0,"ocean_post_title_bg_image_position":"","ocean_post_title_bg_image_attachment":"","ocean_post_title_bg_image_repeat":"","ocean_post_title_bg_image_size":"","ocean_post_title_height":0,"ocean_post_title_bg_overlay":0.5,"ocean_post_title_bg_overlay_color":"","ocean_disable_breadcrumbs":"default","ocean_breadcrumbs_color":"","ocean_breadcrumbs_separator_color":"","ocean_breadcrumbs_links_color":"","ocean_breadcrumbs_links_hover_color":"","ocean_display_footer_widgets":"default","ocean_display_footer_bottom":"default","ocean_custom_footer_template":"","osh_disable_topbar_sticky":"default","osh_disable_header_sticky":"default","osh_sticky_header_style":"default","osh_sticky_header_effect":"","osh_custom_sticky_logo":0,"osh_custom_retina_sticky_logo":0,"osh_custom_sticky_logo_height":0,"osh_background_color":"","osh_links_color":"","osh_links_hover_color":"","osh_links_active_color":"","osh_links_bg_color":"","osh_links_hover_bg_color":"","osh_links_active_bg_color":"","osh_menu_social_links_color":"","osh_menu_social_hover_links_color":"","footnotes":""},"class_list":["post-277","page","type-page","status-publish","hentry","entry"],"yoast_head":"<!-- This site is optimized with the Yoast SEO plugin v23.4 - https:\/\/yoast.com\/wordpress\/plugins\/seo\/ -->\n<title>Rad\u00e3o - Prorad - Consultoria em F\u00edsica M\u00e9dica e Protec\u00e7\u00e3o Radiol\u00f3gica<\/title>\n<meta name=\"robots\" content=\"index, follow, max-snippet:-1, max-image-preview:large, max-video-preview:-1\" \/>\n<link rel=\"canonical\" href=\"https:\/\/prorad.pt\/index.php\/radao\/\" \/>\n<meta property=\"og:locale\" content=\"en_US\" \/>\n<meta property=\"og:type\" content=\"article\" \/>\n<meta property=\"og:title\" content=\"Rad\u00e3o - Prorad - Consultoria em F\u00edsica M\u00e9dica e Protec\u00e7\u00e3o Radiol\u00f3gica\" \/>\n<meta property=\"og:description\" content=\"Rad\u00e3o Quais s\u00e3o os riscos para a sa\u00fade humana devido \u00e0 exposi\u00e7\u00e3o ao rad\u00e3o? A exposi\u00e7\u00e3o prolongada ao rad\u00e3o no interior de edif\u00edcios \u00e9 uma das principais causas de aparecimento de cancro do pulm\u00e3o. O rad\u00e3o \u00e9 a maior fonte natural de exposi\u00e7\u00e3o das popula\u00e7\u00f5es \u00e0 radia\u00e7\u00e3o ionizante e contribui com mais de 40%. O [&hellip;]\" \/>\n<meta property=\"og:url\" content=\"https:\/\/prorad.pt\/index.php\/radao\/\" \/>\n<meta property=\"og:site_name\" content=\"Prorad - Consultoria em F\u00edsica M\u00e9dica e Protec\u00e7\u00e3o Radiol\u00f3gica\" \/>\n<meta property=\"article:modified_time\" content=\"2024-09-08T19:08:09+00:00\" \/>\n<meta property=\"og:image\" content=\"https:\/\/prorad.pt\/wp-content\/uploads\/2024\/02\/owp-mentor-post-001-1024x597.jpg\" \/>\n<meta name=\"twitter:card\" content=\"summary_large_image\" \/>\n<meta name=\"twitter:label1\" content=\"Est. reading time\" \/>\n\t<meta name=\"twitter:data1\" content=\"2 minutes\" \/>\n<script type=\"application\/ld+json\" class=\"yoast-schema-graph\">{\"@context\":\"https:\/\/schema.org\",\"@graph\":[{\"@type\":\"WebPage\",\"@id\":\"https:\/\/prorad.pt\/index.php\/radao\/\",\"url\":\"https:\/\/prorad.pt\/index.php\/radao\/\",\"name\":\"Rad\u00e3o - Prorad - Consultoria em F\u00edsica M\u00e9dica e Protec\u00e7\u00e3o Radiol\u00f3gica\",\"isPartOf\":{\"@id\":\"https:\/\/prorad.pt\/#website\"},\"primaryImageOfPage\":{\"@id\":\"https:\/\/prorad.pt\/index.php\/radao\/#primaryimage\"},\"image\":{\"@id\":\"https:\/\/prorad.pt\/index.php\/radao\/#primaryimage\"},\"thumbnailUrl\":\"https:\/\/prorad.pt\/wp-content\/uploads\/2024\/02\/owp-mentor-post-001-1024x597.jpg\",\"datePublished\":\"2024-09-08T13:45:25+00:00\",\"dateModified\":\"2024-09-08T19:08:09+00:00\",\"breadcrumb\":{\"@id\":\"https:\/\/prorad.pt\/index.php\/radao\/#breadcrumb\"},\"inLanguage\":\"en-US\",\"potentialAction\":[{\"@type\":\"ReadAction\",\"target\":[\"https:\/\/prorad.pt\/index.php\/radao\/\"]}]},{\"@type\":\"ImageObject\",\"inLanguage\":\"en-US\",\"@id\":\"https:\/\/prorad.pt\/index.php\/radao\/#primaryimage\",\"url\":\"https:\/\/prorad.pt\/wp-content\/uploads\/2024\/02\/owp-mentor-post-001.jpg\",\"contentUrl\":\"https:\/\/prorad.pt\/wp-content\/uploads\/2024\/02\/owp-mentor-post-001.jpg\",\"width\":1200,\"height\":700},{\"@type\":\"BreadcrumbList\",\"@id\":\"https:\/\/prorad.pt\/index.php\/radao\/#breadcrumb\",\"itemListElement\":[{\"@type\":\"ListItem\",\"position\":1,\"name\":\"Home\",\"item\":\"https:\/\/prorad.pt\/\"},{\"@type\":\"ListItem\",\"position\":2,\"name\":\"Rad\u00e3o\"}]},{\"@type\":\"WebSite\",\"@id\":\"https:\/\/prorad.pt\/#website\",\"url\":\"https:\/\/prorad.pt\/\",\"name\":\"Prorad - Consultoria em F\u00edsica M\u00e9dica e Protec\u00e7\u00e3o Radiol\u00f3gica\",\"description\":\"Actividade de consultoria na \u00e1rea da F\u00edsica M\u00e9dica, nomeadamente na utiliza\u00e7\u00e3o das radia\u00e7\u00f5es ionizantes nas \u00e1reas do radiodiagn\u00f3stico, medicina nuclear, radioterapia externa e braquiterapia, mas tamb\u00e9m na bioeletricidade, a bio-\u00f3ptica, a termografia, a hipertermia, a terapia e o diagn\u00f3stico com radia\u00e7\u00f5es n\u00e3o ionizantes.\",\"publisher\":{\"@id\":\"https:\/\/prorad.pt\/#organization\"},\"potentialAction\":[{\"@type\":\"SearchAction\",\"target\":{\"@type\":\"EntryPoint\",\"urlTemplate\":\"https:\/\/prorad.pt\/?s={search_term_string}\"},\"query-input\":{\"@type\":\"PropertyValueSpecification\",\"valueRequired\":true,\"valueName\":\"search_term_string\"}}],\"inLanguage\":\"en-US\"},{\"@type\":\"Organization\",\"@id\":\"https:\/\/prorad.pt\/#organization\",\"name\":\"Prorad - Consultoria em F\u00edsica M\u00e9dica e Protec\u00e7\u00e3o Radiol\u00f3gica\",\"url\":\"https:\/\/prorad.pt\/\",\"logo\":{\"@type\":\"ImageObject\",\"inLanguage\":\"en-US\",\"@id\":\"https:\/\/prorad.pt\/#\/schema\/logo\/image\/\",\"url\":\"https:\/\/prorad.pt\/wp-content\/uploads\/2024\/08\/prorad-1.jpg\",\"contentUrl\":\"https:\/\/prorad.pt\/wp-content\/uploads\/2024\/08\/prorad-1.jpg\",\"width\":753,\"height\":474,\"caption\":\"Prorad - Consultoria em F\u00edsica M\u00e9dica e Protec\u00e7\u00e3o Radiol\u00f3gica\"},\"image\":{\"@id\":\"https:\/\/prorad.pt\/#\/schema\/logo\/image\/\"}}]}<\/script>\n<!-- \/ Yoast SEO plugin. -->","yoast_head_json":{"title":"Rad\u00e3o - Prorad - Consultoria em F\u00edsica M\u00e9dica e Protec\u00e7\u00e3o Radiol\u00f3gica","robots":{"index":"index","follow":"follow","max-snippet":"max-snippet:-1","max-image-preview":"max-image-preview:large","max-video-preview":"max-video-preview:-1"},"canonical":"https:\/\/prorad.pt\/index.php\/radao\/","og_locale":"en_US","og_type":"article","og_title":"Rad\u00e3o - Prorad - Consultoria em F\u00edsica M\u00e9dica e Protec\u00e7\u00e3o Radiol\u00f3gica","og_description":"Rad\u00e3o Quais s\u00e3o os riscos para a sa\u00fade humana devido \u00e0 exposi\u00e7\u00e3o ao rad\u00e3o? A exposi\u00e7\u00e3o prolongada ao rad\u00e3o no interior de edif\u00edcios \u00e9 uma das principais causas de aparecimento de cancro do pulm\u00e3o. O rad\u00e3o \u00e9 a maior fonte natural de exposi\u00e7\u00e3o das popula\u00e7\u00f5es \u00e0 radia\u00e7\u00e3o ionizante e contribui com mais de 40%. O [&hellip;]","og_url":"https:\/\/prorad.pt\/index.php\/radao\/","og_site_name":"Prorad - Consultoria em F\u00edsica M\u00e9dica e Protec\u00e7\u00e3o Radiol\u00f3gica","article_modified_time":"2024-09-08T19:08:09+00:00","og_image":[{"url":"https:\/\/prorad.pt\/wp-content\/uploads\/2024\/02\/owp-mentor-post-001-1024x597.jpg"}],"twitter_card":"summary_large_image","twitter_misc":{"Est. reading time":"2 minutes"},"schema":{"@context":"https:\/\/schema.org","@graph":[{"@type":"WebPage","@id":"https:\/\/prorad.pt\/index.php\/radao\/","url":"https:\/\/prorad.pt\/index.php\/radao\/","name":"Rad\u00e3o - Prorad - Consultoria em F\u00edsica M\u00e9dica e Protec\u00e7\u00e3o Radiol\u00f3gica","isPartOf":{"@id":"https:\/\/prorad.pt\/#website"},"primaryImageOfPage":{"@id":"https:\/\/prorad.pt\/index.php\/radao\/#primaryimage"},"image":{"@id":"https:\/\/prorad.pt\/index.php\/radao\/#primaryimage"},"thumbnailUrl":"https:\/\/prorad.pt\/wp-content\/uploads\/2024\/02\/owp-mentor-post-001-1024x597.jpg","datePublished":"2024-09-08T13:45:25+00:00","dateModified":"2024-09-08T19:08:09+00:00","breadcrumb":{"@id":"https:\/\/prorad.pt\/index.php\/radao\/#breadcrumb"},"inLanguage":"en-US","potentialAction":[{"@type":"ReadAction","target":["https:\/\/prorad.pt\/index.php\/radao\/"]}]},{"@type":"ImageObject","inLanguage":"en-US","@id":"https:\/\/prorad.pt\/index.php\/radao\/#primaryimage","url":"https:\/\/prorad.pt\/wp-content\/uploads\/2024\/02\/owp-mentor-post-001.jpg","contentUrl":"https:\/\/prorad.pt\/wp-content\/uploads\/2024\/02\/owp-mentor-post-001.jpg","width":1200,"height":700},{"@type":"BreadcrumbList","@id":"https:\/\/prorad.pt\/index.php\/radao\/#breadcrumb","itemListElement":[{"@type":"ListItem","position":1,"name":"Home","item":"https:\/\/prorad.pt\/"},{"@type":"ListItem","position":2,"name":"Rad\u00e3o"}]},{"@type":"WebSite","@id":"https:\/\/prorad.pt\/#website","url":"https:\/\/prorad.pt\/","name":"Prorad - Consultoria em F\u00edsica M\u00e9dica e Protec\u00e7\u00e3o Radiol\u00f3gica","description":"Actividade de consultoria na \u00e1rea da F\u00edsica M\u00e9dica, nomeadamente na utiliza\u00e7\u00e3o das radia\u00e7\u00f5es ionizantes nas \u00e1reas do radiodiagn\u00f3stico, medicina nuclear, radioterapia externa e braquiterapia, mas tamb\u00e9m na bioeletricidade, a bio-\u00f3ptica, a termografia, a hipertermia, a terapia e o diagn\u00f3stico com radia\u00e7\u00f5es n\u00e3o ionizantes.","publisher":{"@id":"https:\/\/prorad.pt\/#organization"},"potentialAction":[{"@type":"SearchAction","target":{"@type":"EntryPoint","urlTemplate":"https:\/\/prorad.pt\/?s={search_term_string}"},"query-input":{"@type":"PropertyValueSpecification","valueRequired":true,"valueName":"search_term_string"}}],"inLanguage":"en-US"},{"@type":"Organization","@id":"https:\/\/prorad.pt\/#organization","name":"Prorad - Consultoria em F\u00edsica M\u00e9dica e Protec\u00e7\u00e3o Radiol\u00f3gica","url":"https:\/\/prorad.pt\/","logo":{"@type":"ImageObject","inLanguage":"en-US","@id":"https:\/\/prorad.pt\/#\/schema\/logo\/image\/","url":"https:\/\/prorad.pt\/wp-content\/uploads\/2024\/08\/prorad-1.jpg","contentUrl":"https:\/\/prorad.pt\/wp-content\/uploads\/2024\/08\/prorad-1.jpg","width":753,"height":474,"caption":"Prorad - Consultoria em F\u00edsica M\u00e9dica e Protec\u00e7\u00e3o Radiol\u00f3gica"},"image":{"@id":"https:\/\/prorad.pt\/#\/schema\/logo\/image\/"}}]}},"_links":{"self":[{"href":"https:\/\/prorad.pt\/index.php\/wp-json\/wp\/v2\/pages\/277","targetHints":{"allow":["GET"]}}],"collection":[{"href":"https:\/\/prorad.pt\/index.php\/wp-json\/wp\/v2\/pages"}],"about":[{"href":"https:\/\/prorad.pt\/index.php\/wp-json\/wp\/v2\/types\/page"}],"author":[{"embeddable":true,"href":"https:\/\/prorad.pt\/index.php\/wp-json\/wp\/v2\/users\/1"}],"replies":[{"embeddable":true,"href":"https:\/\/prorad.pt\/index.php\/wp-json\/wp\/v2\/comments?post=277"}],"version-history":[{"count":24,"href":"https:\/\/prorad.pt\/index.php\/wp-json\/wp\/v2\/pages\/277\/revisions"}],"predecessor-version":[{"id":448,"href":"https:\/\/prorad.pt\/index.php\/wp-json\/wp\/v2\/pages\/277\/revisions\/448"}],"wp:attachment":[{"href":"https:\/\/prorad.pt\/index.php\/wp-json\/wp\/v2\/media?parent=277"}],"curies":[{"name":"wp","href":"https:\/\/api.w.org\/{rel}","templated":true}]}}